{"id":203,"date":"2020-03-15T01:24:13","date_gmt":"2020-03-15T01:24:13","guid":{"rendered":"https:\/\/veritaspsicologia.es\/contact\/"},"modified":"2025-01-20T16:38:06","modified_gmt":"2025-01-20T16:38:06","slug":"contacto","status":"publish","type":"page","link":"https:\/\/veritaspsicologia.es\/en\/contacto\/","title":{"rendered":"Contacto"},"content":{"rendered":"<div data-elementor-type=\"wp-page\" data-elementor-id=\"203\" class=\"elementor elementor-203\">\n\t\t\t\t\t\t<section class=\"elementor-section elementor-top-section elementor-element elementor-element-3f91759 elementor-section-boxed elementor-section-height-default elementor-section-height-default\" data-id=\"3f91759\" data-element_type=\"section\" data-e-type=\"section\">\n\t\t\t\t\t\t<div class=\"elementor-container elementor-column-gap-no\">\n\t\t\t\t\t<div class=\"aux-parallax-section elementor-column elementor-col-100 elementor-top-column elementor-element elementor-element-2a17c84\" data-id=\"2a17c84\" data-element_type=\"column\" data-e-type=\"column\">\n\t\t\t<div class=\"elementor-widget-wrap elementor-element-populated\">\n\t\t\t\t\t\t<div class=\"elementor-element elementor-element-380e0a6 aux-appear-watch-animation aux-fade-in-up elementor-widget elementor-widget-heading\" data-id=\"380e0a6\" data-element_type=\"widget\" data-e-type=\"widget\" data-widget_type=\"heading.default\">\n\t\t\t\t<div class=\"elementor-widget-container\">\n\t\t\t\t\t<h2 class=\"elementor-heading-title elementor-size-default\">Contacta con nosotros<\/h2>\t\t\t\t<\/div>\n\t\t\t\t<\/div>\n\t\t\t\t<div class=\"elementor-element elementor-element-e03abf0 elementor-widget elementor-widget-spacer\" data-id=\"e03abf0\" data-element_type=\"widget\" data-e-type=\"widget\" data-widget_type=\"spacer.default\">\n\t\t\t\t<div class=\"elementor-widget-container\">\n\t\t\t\t\t\t\t<div class=\"elementor-spacer\">\n\t\t\t<div class=\"elementor-spacer-inner\"><\/div>\n\t\t<\/div>\n\t\t\t\t\t\t<\/div>\n\t\t\t\t<\/div>\n\t\t\t\t\t<\/div>\n\t\t<\/div>\n\t\t\t\t\t<\/div>\n\t\t<\/section>\n\t\t\t\t<section class=\"elementor-section elementor-top-section elementor-element elementor-element-34bc9ae elementor-section-boxed elementor-section-height-default elementor-section-height-default\" data-id=\"34bc9ae\" data-element_type=\"section\" data-e-type=\"section\">\n\t\t\t\t\t\t<div class=\"elementor-container elementor-column-gap-no\">\n\t\t\t\t\t<div class=\"aux-parallax-section elementor-column elementor-col-50 elementor-top-column elementor-element elementor-element-ac52b5e\" data-id=\"ac52b5e\" data-element_type=\"column\" data-e-type=\"column\">\n\t\t\t<div class=\"elementor-widget-wrap elementor-element-populated\">\n\t\t\t\t\t\t<div class=\"elementor-element elementor-element-564367a aux-appear-watch-animation aux-fade-in-up elementor-widget elementor-widget-aux_contact_form\" data-id=\"564367a\" data-element_type=\"widget\" data-e-type=\"widget\" data-widget_type=\"aux_contact_form.default\">\n\t\t\t\t<div class=\"elementor-widget-container\">\n\t\t\t\t\t<section class=\"widget-container aux-widget-contact-form aux-parent-au490d2010\">            <div class=\"aux-col-wrapper aux-no-gutter\">\n            <!-- @TODO - The output for element here -->\n\n            \n<div class=\"wpcf7 no-js\" id=\"wpcf7-f294-o1\" lang=\"es-ES\" dir=\"ltr\" data-wpcf7-id=\"294\">\n<div class=\"screen-reader-response\"><p role=\"status\" aria-live=\"polite\" aria-atomic=\"true\"><\/p> <ul><\/ul><\/div>\n<form action=\"\/en\/wp-json\/wp\/v2\/pages\/203#wpcf7-f294-o1\" method=\"post\" class=\"wpcf7-form init\" aria-label=\"Formulario de contacto\" novalidate=\"novalidate\" data-status=\"init\" data-trp-original-action=\"\/en\/wp-json\/wp\/v2\/pages\/203#wpcf7-f294-o1\">\n<fieldset class=\"hidden-fields-container\"><input type=\"hidden\" name=\"_wpcf7\" value=\"294\" \/><input type=\"hidden\" name=\"_wpcf7_version\" value=\"6.1.5\" \/><input type=\"hidden\" name=\"_wpcf7_locale\" value=\"es_ES\" \/><input type=\"hidden\" name=\"_wpcf7_unit_tag\" value=\"wpcf7-f294-o1\" \/><input type=\"hidden\" name=\"_wpcf7_container_post\" value=\"0\" \/><input type=\"hidden\" name=\"_wpcf7_posted_data_hash\" value=\"\" \/>\n<\/fieldset>\n<p><label> Tu nombre<br \/>\n<span class=\"wpcf7-form-control-wrap\" data-name=\"your-name\"><input size=\"40\" maxlength=\"400\" class=\"wpcf7-form-control wpcf7-text wpcf7-validates-as-required\" autocomplete=\"name\" aria-required=\"true\" aria-invalid=\"false\" value=\"\" type=\"text\" name=\"your-name\" \/><\/span> <\/label>\n<\/p>\n<p><label> Tu correo electr\u00f3nico<br \/>\n<span class=\"wpcf7-form-control-wrap\" data-name=\"your-email\"><input size=\"40\" maxlength=\"400\" class=\"wpcf7-form-control wpcf7-email wpcf7-validates-as-required wpcf7-text wpcf7-validates-as-email\" autocomplete=\"email\" aria-required=\"true\" aria-invalid=\"false\" value=\"\" type=\"email\" name=\"your-email\" \/><\/span> <\/label>\n<\/p>\n<p><label> Asunto<br \/>\n<span class=\"wpcf7-form-control-wrap\" data-name=\"your-subject\"><input size=\"40\" maxlength=\"400\" class=\"wpcf7-form-control wpcf7-text wpcf7-validates-as-required\" aria-required=\"true\" aria-invalid=\"false\" value=\"\" type=\"text\" name=\"your-subject\" \/><\/span> <\/label>\n<\/p>\n<p><label> Tu mensaje (opcional)<br \/>\n<span class=\"wpcf7-form-control-wrap\" data-name=\"your-message\"><textarea cols=\"40\" rows=\"10\" maxlength=\"2000\" class=\"wpcf7-form-control wpcf7-textarea\" aria-invalid=\"false\" name=\"your-message\"><\/textarea><\/span> <\/label>\n<\/p>\n<p><input class=\"wpcf7-form-control wpcf7-submit has-spinner\" type=\"submit\" value=\"Enviar\" \/><br \/>\n<span class=\"wpcf7-form-control-wrap\" data-name=\"checkbox-701\"><span class=\"wpcf7-form-control wpcf7-checkbox\"><span class=\"wpcf7-list-item first last\"><label><input type=\"checkbox\" name=\"checkbox-701[]\" value=\"He le\u00eddo y acepto el aviso legal y la Pol\u00edtica de Privacidad\" \/><span class=\"wpcf7-list-item-label\">He le\u00eddo y acepto el aviso legal y la Pol\u00edtica de Privacidad<\/span><\/label><\/span><\/span><\/span>\n<\/p><div class=\"wpcf7-response-output\" aria-hidden=\"true\"><\/div>\n<input type=\"hidden\" name=\"trp-form-language\" value=\"en\"\/><\/form>\n<\/div>\n\n\n            <\/div><!-- aux-col-wrapper -->\n    <\/section><!-- widget-container -->\t\t\t\t<\/div>\n\t\t\t\t<\/div>\n\t\t\t\t<div class=\"elementor-element elementor-element-0261d04 elementor-widget elementor-widget-text-editor\" data-id=\"0261d04\" data-element_type=\"widget\" data-e-type=\"widget\" data-widget_type=\"text-editor.default\">\n\t\t\t\t<div class=\"elementor-widget-container\">\n\t\t\t\t\t\t\t\t\t<p><span style=\"caret-color: #000000; color: #000000; font-family: sans-serif; font-size: 12px;\">Por favor, lee nuestra\u00a0<\/span><a style=\"caret-color: #000000; font-family: sans-serif; font-size: 12px;\" href=\"https:\/\/veritaspsicologia.es\/en\/politica-privacidad\/\">Pol\u00edtica de privacidad<\/a>\u00a0<span style=\"caret-color: #000000; color: #000000; font-family: sans-serif; font-size: 12px;\">y\u00a0<\/span><a style=\"caret-color: #000000; font-family: sans-serif; font-size: 12px;\" href=\"https:\/\/veritaspsicologia.es\/en\/avisos-legales\/\">Aviso Legal<\/a><\/p>\t\t\t\t\t\t\t\t<\/div>\n\t\t\t\t<\/div>\n\t\t\t\t\t<\/div>\n\t\t<\/div>\n\t\t\t\t<div class=\"aux-parallax-section elementor-column elementor-col-50 elementor-top-column elementor-element elementor-element-0f96132\" data-id=\"0f96132\" data-element_type=\"column\" data-e-type=\"column\">\n\t\t\t<div class=\"elementor-widget-wrap elementor-element-populated\">\n\t\t\t\t\t\t<section class=\"elementor-section elementor-inner-section elementor-element elementor-element-95516aa aux-appear-watch-animation aux-fade-in-up elementor-section-boxed elementor-section-height-default elementor-section-height-default\" data-id=\"95516aa\" data-element_type=\"section\" data-e-type=\"section\">\n\t\t\t\t\t\t<div class=\"elementor-container elementor-column-gap-default\">\n\t\t\t\t\t<div class=\"aux-parallax-section elementor-column elementor-col-100 elementor-inner-column elementor-element elementor-element-5f6ae13\" data-id=\"5f6ae13\" data-element_type=\"column\" data-e-type=\"column\">\n\t\t\t<div class=\"elementor-widget-wrap elementor-element-populated\">\n\t\t\t\t\t\t<div class=\"elementor-element elementor-element-d1513e3 elementor-widget__width-auto elementor-widget elementor-widget-aux_image\" data-id=\"d1513e3\" data-element_type=\"widget\" data-e-type=\"widget\" data-widget_type=\"aux_image.default\">\n\t\t\t\t<div class=\"elementor-widget-container\">\n\t\t\t\t\t<section class=\"widget-container aux-widget-image aux-alignnone aux-parent-au8ac0ae12\">\n    <div class=\"aux-media-hint-frame\">\n        <div class=\"aux-media-image\" >\n        \n            \n\n            \n            <img decoding=\"async\" width=\"108\" height=\"108\" src=\"https:\/\/veritaspsicologia.es\/wp-content\/uploads\/2020\/04\/mail-icon-1.svg\" class=\"attachment-full size-full\" alt=\"\" \/>            \n                <\/div>\n    <\/div>\n\n<\/section><!-- widget-container -->\t\t\t\t<\/div>\n\t\t\t\t<\/div>\n\t\t\t\t<div class=\"elementor-element elementor-element-d0ef42b elementor-widget__width-auto elementor-widget-mobile__width-inherit elementor-widget elementor-widget-aux_modern_heading\" data-id=\"d0ef42b\" data-element_type=\"widget\" data-e-type=\"widget\" data-widget_type=\"aux_modern_heading.default\">\n\t\t\t\t<div class=\"elementor-widget-container\">\n\t\t\t\t\t<section class=\"aux-widget-modern-heading\">\n            <div class=\"aux-widget-inner\"><h6 class=\"aux-modern-heading-primary\">Email<\/h6><div class=\"aux-modern-heading-description\"><p>info@veritaspsicologia.es<\/p><\/div><\/div>\n        <\/section>\t\t\t\t<\/div>\n\t\t\t\t<\/div>\n\t\t\t\t\t<\/div>\n\t\t<\/div>\n\t\t\t\t\t<\/div>\n\t\t<\/section>\n\t\t\t\t<section class=\"elementor-section elementor-inner-section elementor-element elementor-element-d5b307f aux-appear-watch-animation aux-fade-in-up elementor-section-boxed elementor-section-height-default elementor-section-height-default\" data-id=\"d5b307f\" data-element_type=\"section\" data-e-type=\"section\">\n\t\t\t\t\t\t<div class=\"elementor-container elementor-column-gap-default\">\n\t\t\t\t\t<div class=\"aux-parallax-section elementor-column elementor-col-100 elementor-inner-column elementor-element elementor-element-ca27227\" data-id=\"ca27227\" data-element_type=\"column\" data-e-type=\"column\">\n\t\t\t<div class=\"elementor-widget-wrap elementor-element-populated\">\n\t\t\t\t\t\t<div class=\"elementor-element elementor-element-2624287 elementor-widget__width-auto elementor-widget elementor-widget-aux_image\" data-id=\"2624287\" data-element_type=\"widget\" data-e-type=\"widget\" data-widget_type=\"aux_image.default\">\n\t\t\t\t<div class=\"elementor-widget-container\">\n\t\t\t\t\t<section class=\"widget-container aux-widget-image aux-alignnone aux-parent-au1d14d376\">\n    <div class=\"aux-media-hint-frame\">\n        <div class=\"aux-media-image\" >\n        \n            \n\n            \n            <img decoding=\"async\" width=\"112\" height=\"108\" src=\"https:\/\/veritaspsicologia.es\/wp-content\/uploads\/2020\/03\/Group_4060.svg\" class=\"attachment-full size-full\" alt=\"\" \/>            \n                <\/div>\n    <\/div>\n\n<\/section><!-- widget-container -->\t\t\t\t<\/div>\n\t\t\t\t<\/div>\n\t\t\t\t<div class=\"elementor-element elementor-element-8d1a6cc elementor-widget__width-auto elementor-widget-mobile__width-inherit elementor-widget elementor-widget-aux_modern_heading\" data-id=\"8d1a6cc\" data-element_type=\"widget\" data-e-type=\"widget\" data-widget_type=\"aux_modern_heading.default\">\n\t\t\t\t<div class=\"elementor-widget-container\">\n\t\t\t\t\t<section class=\"aux-widget-modern-heading\">\n            <div class=\"aux-widget-inner\"><h6 class=\"aux-modern-heading-primary\">Tel\u00e9fono<\/h6><div class=\"aux-modern-heading-description\"><p>(+34) 687284466<\/p><\/div><\/div>\n        <\/section>\t\t\t\t<\/div>\n\t\t\t\t<\/div>\n\t\t\t\t\t<\/div>\n\t\t<\/div>\n\t\t\t\t\t<\/div>\n\t\t<\/section>\n\t\t\t\t<div class=\"elementor-element elementor-element-b0a4b9e elementor-widget__width-auto elementor-hidden-phone elementor-widget-divider--view-line elementor-widget elementor-widget-divider\" data-id=\"b0a4b9e\" data-element_type=\"widget\" data-e-type=\"widget\" data-widget_type=\"divider.default\">\n\t\t\t\t<div class=\"elementor-widget-container\">\n\t\t\t\t\t\t\t<div class=\"elementor-divider\">\n\t\t\t<span class=\"elementor-divider-separator\">\n\t\t\t\t\t\t<\/span>\n\t\t<\/div>\n\t\t\t\t\t\t<\/div>\n\t\t\t\t<\/div>\n\t\t\t\t\t<\/div>\n\t\t<\/div>\n\t\t\t\t\t<\/div>\n\t\t<\/section>\n\t\t\t\t<\/div>","protected":false},"excerpt":{"rendered":"<p>Contacta con nosotros Tu nombre Tu correo electr\u00f3nico Asunto Tu mensaje (opcional) He le\u00eddo y acepto el aviso legal y la Pol\u00edtica de Privacidad Por favor, lee nuestra\u00a0Pol\u00edtica de privacidad\u00a0y\u00a0Aviso Legal Email informacion@veritaspsicologia.es Tel\u00e9fono (+34) 687284466<\/p>","protected":false},"author":1,"featured_media":0,"parent":0,"menu_order":0,"comment_status":"closed","ping_status":"closed","template":"","meta":{"_seopress_robots_primary_cat":"","_seopress_titles_title":"","_seopress_titles_desc":"","_seopress_robots_index":"","_joinchat":[],"footnotes":""},"class_list":["post-203","page","type-page","status-publish","hentry"],"yoast_head":"<!-- This site is optimized with the Yoast SEO plugin v27.3 - https:\/\/yoast.com\/product\/yoast-seo-wordpress\/ -->\n<title>Contacto - Veritas Psicolog\u00eda<\/title>\n<meta name=\"robots\" content=\"index, follow, max-snippet:-1, max-image-preview:large, max-video-preview:-1\" \/>\n<link rel=\"canonical\" href=\"https:\/\/veritaspsicologia.es\/en\/contacto\/\" \/>\n<meta property=\"og:locale\" content=\"en_GB\" \/>\n<meta property=\"og:type\" content=\"article\" \/>\n<meta property=\"og:title\" content=\"Contacto - Veritas Psicolog\u00eda\" \/>\n<meta property=\"og:description\" content=\"Contacta con nosotros Tu nombre Tu correo electr\u00f3nico Asunto Tu mensaje (opcional) He le\u00eddo y acepto el aviso legal y la Pol\u00edtica de Privacidad Por favor, lee nuestra\u00a0Pol\u00edtica de privacidad\u00a0y\u00a0Aviso Legal Email informacion@veritaspsicologia.es Tel\u00e9fono (+34) 687284466\" \/>\n<meta property=\"og:url\" content=\"https:\/\/veritaspsicologia.es\/en\/contacto\/\" \/>\n<meta property=\"og:site_name\" content=\"Veritas Psicolog\u00eda\" \/>\n<meta property=\"article:modified_time\" content=\"2025-01-20T16:38:06+00:00\" \/>\n<meta property=\"og:image\" content=\"https:\/\/veritaspsicologia.es\/wp-content\/uploads\/2020\/04\/mail-icon-1.svg\" \/>\n<meta name=\"twitter:card\" content=\"summary_large_image\" \/>\n<meta name=\"twitter:label1\" content=\"Estimated reading time\" \/>\n\t<meta name=\"twitter:data1\" content=\"1 minute\" \/>\n<script type=\"application\/ld+json\" class=\"yoast-schema-graph\">{\"@context\":\"https:\\\/\\\/schema.org\",\"@graph\":[{\"@type\":\"WebPage\",\"@id\":\"https:\\\/\\\/veritaspsicologia.es\\\/contacto\\\/\",\"url\":\"https:\\\/\\\/veritaspsicologia.es\\\/contacto\\\/\",\"name\":\"Contacto - Veritas Psicolog\u00eda\",\"isPartOf\":{\"@id\":\"https:\\\/\\\/veritaspsicologia.es\\\/#website\"},\"primaryImageOfPage\":{\"@id\":\"https:\\\/\\\/veritaspsicologia.es\\\/contacto\\\/#primaryimage\"},\"image\":{\"@id\":\"https:\\\/\\\/veritaspsicologia.es\\\/contacto\\\/#primaryimage\"},\"thumbnailUrl\":\"https:\\\/\\\/veritaspsicologia.es\\\/wp-content\\\/uploads\\\/2020\\\/04\\\/mail-icon-1.svg\",\"datePublished\":\"2020-03-15T01:24:13+00:00\",\"dateModified\":\"2025-01-20T16:38:06+00:00\",\"breadcrumb\":{\"@id\":\"https:\\\/\\\/veritaspsicologia.es\\\/contacto\\\/#breadcrumb\"},\"inLanguage\":\"en-GB\",\"potentialAction\":[{\"@type\":\"ReadAction\",\"target\":[\"https:\\\/\\\/veritaspsicologia.es\\\/contacto\\\/\"]}]},{\"@type\":\"ImageObject\",\"inLanguage\":\"en-GB\",\"@id\":\"https:\\\/\\\/veritaspsicologia.es\\\/contacto\\\/#primaryimage\",\"url\":\"https:\\\/\\\/veritaspsicologia.es\\\/wp-content\\\/uploads\\\/2020\\\/04\\\/mail-icon-1.svg\",\"contentUrl\":\"https:\\\/\\\/veritaspsicologia.es\\\/wp-content\\\/uploads\\\/2020\\\/04\\\/mail-icon-1.svg\"},{\"@type\":\"BreadcrumbList\",\"@id\":\"https:\\\/\\\/veritaspsicologia.es\\\/contacto\\\/#breadcrumb\",\"itemListElement\":[{\"@type\":\"ListItem\",\"position\":1,\"name\":\"Portada\",\"item\":\"https:\\\/\\\/veritaspsicologia.es\\\/\"},{\"@type\":\"ListItem\",\"position\":2,\"name\":\"Contacto\"}]},{\"@type\":\"WebSite\",\"@id\":\"https:\\\/\\\/veritaspsicologia.es\\\/#website\",\"url\":\"https:\\\/\\\/veritaspsicologia.es\\\/\",\"name\":\"Veritas Psicolog\u00eda\",\"description\":\"Psicologia Terapias Online\",\"publisher\":{\"@id\":\"https:\\\/\\\/veritaspsicologia.es\\\/#organization\"},\"alternateName\":\"VERITAS PSICO\",\"potentialAction\":[{\"@type\":\"SearchAction\",\"target\":{\"@type\":\"EntryPoint\",\"urlTemplate\":\"https:\\\/\\\/veritaspsicologia.es\\\/?s={search_term_string}\"},\"query-input\":{\"@type\":\"PropertyValueSpecification\",\"valueRequired\":true,\"valueName\":\"search_term_string\"}}],\"inLanguage\":\"en-GB\"},{\"@type\":\"Organization\",\"@id\":\"https:\\\/\\\/veritaspsicologia.es\\\/#organization\",\"name\":\"Veritas Psicolog\u00eda\",\"url\":\"https:\\\/\\\/veritaspsicologia.es\\\/\",\"logo\":{\"@type\":\"ImageObject\",\"inLanguage\":\"en-GB\",\"@id\":\"https:\\\/\\\/veritaspsicologia.es\\\/#\\\/schema\\\/logo\\\/image\\\/\",\"url\":\"https:\\\/\\\/veritaspsicologia.es\\\/wp-content\\\/uploads\\\/2023\\\/03\\\/cropped-veritas-web-1.png\",\"contentUrl\":\"https:\\\/\\\/veritaspsicologia.es\\\/wp-content\\\/uploads\\\/2023\\\/03\\\/cropped-veritas-web-1.png\",\"width\":350,\"height\":90,\"caption\":\"Veritas Psicolog\u00eda\"},\"image\":{\"@id\":\"https:\\\/\\\/veritaspsicologia.es\\\/#\\\/schema\\\/logo\\\/image\\\/\"},\"sameAs\":[\"https:\\\/\\\/www.instagram.com\\\/veritaspsicologia\\\/\"]}]}<\/script>\n<!-- \/ Yoast SEO plugin. -->","yoast_head_json":{"title":"Contacto - Veritas Psicolog\u00eda","robots":{"index":"index","follow":"follow","max-snippet":"max-snippet:-1","max-image-preview":"max-image-preview:large","max-video-preview":"max-video-preview:-1"},"canonical":"https:\/\/veritaspsicologia.es\/en\/contacto\/","og_locale":"en_GB","og_type":"article","og_title":"Contacto - Veritas Psicolog\u00eda","og_description":"Contacta con nosotros Tu nombre Tu correo electr\u00f3nico Asunto Tu mensaje (opcional) He le\u00eddo y acepto el aviso legal y la Pol\u00edtica de Privacidad Por favor, lee nuestra\u00a0Pol\u00edtica de privacidad\u00a0y\u00a0Aviso Legal Email informacion@veritaspsicologia.es Tel\u00e9fono (+34) 687284466","og_url":"https:\/\/veritaspsicologia.es\/en\/contacto\/","og_site_name":"Veritas Psicolog\u00eda","article_modified_time":"2025-01-20T16:38:06+00:00","og_image":[{"url":"https:\/\/veritaspsicologia.es\/wp-content\/uploads\/2020\/04\/mail-icon-1.svg","type":"","width":"","height":""}],"twitter_card":"summary_large_image","twitter_misc":{"Estimated reading time":"1 minute"},"schema":{"@context":"https:\/\/schema.org","@graph":[{"@type":"WebPage","@id":"https:\/\/veritaspsicologia.es\/contacto\/","url":"https:\/\/veritaspsicologia.es\/contacto\/","name":"Contacto - Veritas Psicolog\u00eda","isPartOf":{"@id":"https:\/\/veritaspsicologia.es\/#website"},"primaryImageOfPage":{"@id":"https:\/\/veritaspsicologia.es\/contacto\/#primaryimage"},"image":{"@id":"https:\/\/veritaspsicologia.es\/contacto\/#primaryimage"},"thumbnailUrl":"https:\/\/veritaspsicologia.es\/wp-content\/uploads\/2020\/04\/mail-icon-1.svg","datePublished":"2020-03-15T01:24:13+00:00","dateModified":"2025-01-20T16:38:06+00:00","breadcrumb":{"@id":"https:\/\/veritaspsicologia.es\/contacto\/#breadcrumb"},"inLanguage":"en-GB","potentialAction":[{"@type":"ReadAction","target":["https:\/\/veritaspsicologia.es\/contacto\/"]}]},{"@type":"ImageObject","inLanguage":"en-GB","@id":"https:\/\/veritaspsicologia.es\/contacto\/#primaryimage","url":"https:\/\/veritaspsicologia.es\/wp-content\/uploads\/2020\/04\/mail-icon-1.svg","contentUrl":"https:\/\/veritaspsicologia.es\/wp-content\/uploads\/2020\/04\/mail-icon-1.svg"},{"@type":"BreadcrumbList","@id":"https:\/\/veritaspsicologia.es\/contacto\/#breadcrumb","itemListElement":[{"@type":"ListItem","position":1,"name":"Portada","item":"https:\/\/veritaspsicologia.es\/"},{"@type":"ListItem","position":2,"name":"Contacto"}]},{"@type":"WebSite","@id":"https:\/\/veritaspsicologia.es\/#website","url":"https:\/\/veritaspsicologia.es\/","name":"Veritas Psicolog\u00eda","description":"Psicologia Terapias Online","publisher":{"@id":"https:\/\/veritaspsicologia.es\/#organization"},"alternateName":"VERITAS PSICO","potentialAction":[{"@type":"SearchAction","target":{"@type":"EntryPoint","urlTemplate":"https:\/\/veritaspsicologia.es\/?s={search_term_string}"},"query-input":{"@type":"PropertyValueSpecification","valueRequired":true,"valueName":"search_term_string"}}],"inLanguage":"en-GB"},{"@type":"Organization","@id":"https:\/\/veritaspsicologia.es\/#organization","name":"Veritas Psicolog\u00eda","url":"https:\/\/veritaspsicologia.es\/","logo":{"@type":"ImageObject","inLanguage":"en-GB","@id":"https:\/\/veritaspsicologia.es\/#\/schema\/logo\/image\/","url":"https:\/\/veritaspsicologia.es\/wp-content\/uploads\/2023\/03\/cropped-veritas-web-1.png","contentUrl":"https:\/\/veritaspsicologia.es\/wp-content\/uploads\/2023\/03\/cropped-veritas-web-1.png","width":350,"height":90,"caption":"Veritas Psicolog\u00eda"},"image":{"@id":"https:\/\/veritaspsicologia.es\/#\/schema\/logo\/image\/"},"sameAs":["https:\/\/www.instagram.com\/veritaspsicologia\/"]}]}},"_links":{"self":[{"href":"https:\/\/veritaspsicologia.es\/en\/wp-json\/wp\/v2\/pages\/203","targetHints":{"allow":["GET"]}}],"collection":[{"href":"https:\/\/veritaspsicologia.es\/en\/wp-json\/wp\/v2\/pages"}],"about":[{"href":"https:\/\/veritaspsicologia.es\/en\/wp-json\/wp\/v2\/types\/page"}],"author":[{"embeddable":true,"href":"https:\/\/veritaspsicologia.es\/en\/wp-json\/wp\/v2\/users\/1"}],"replies":[{"embeddable":true,"href":"https:\/\/veritaspsicologia.es\/en\/wp-json\/wp\/v2\/comments?post=203"}],"version-history":[{"count":0,"href":"https:\/\/veritaspsicologia.es\/en\/wp-json\/wp\/v2\/pages\/203\/revisions"}],"wp:attachment":[{"href":"https:\/\/veritaspsicologia.es\/en\/wp-json\/wp\/v2\/media?parent=203"}],"curies":[{"name":"wp","href":"https:\/\/api.w.org\/{rel}","templated":true}]}}