{"id":204,"date":"2020-03-15T01:22:35","date_gmt":"2020-03-15T01:22:35","guid":{"rendered":"https:\/\/veritaspsicologia.es\/about\/"},"modified":"2024-03-05T12:28:25","modified_gmt":"2024-03-05T12:28:25","slug":"nuestro-equipo","status":"publish","type":"page","link":"https:\/\/veritaspsicologia.es\/en\/nuestro-equipo\/","title":{"rendered":"Nuestro equipo"},"content":{"rendered":"<div data-elementor-type=\"wp-page\" data-elementor-id=\"204\" class=\"elementor elementor-204\">\n\t\t\t\t\t\t<section class=\"elementor-section elementor-top-section elementor-element elementor-element-1d27292 elementor-section-content-middle elementor-section-boxed elementor-section-height-default elementor-section-height-default\" data-id=\"1d27292\" data-element_type=\"section\" data-e-type=\"section\">\n\t\t\t\t\t\t<div class=\"elementor-container elementor-column-gap-no\">\n\t\t\t\t\t<div class=\"aux-parallax-section elementor-column elementor-col-50 elementor-top-column elementor-element elementor-element-6a3caf9\" data-id=\"6a3caf9\" data-element_type=\"column\" data-e-type=\"column\">\n\t\t\t<div class=\"elementor-widget-wrap elementor-element-populated\">\n\t\t\t\t\t\t<div class=\"elementor-element elementor-element-ea84c73 aux-appear-watch-animation aux-fade-in-up elementor-widget elementor-widget-aux_modern_heading\" data-id=\"ea84c73\" data-element_type=\"widget\" data-e-type=\"widget\" data-widget_type=\"aux_modern_heading.default\">\n\t\t\t\t<div class=\"elementor-widget-container\">\n\t\t\t\t\t<section class=\"aux-widget-modern-heading\">\n            <div class=\"aux-widget-inner\"><h2 class=\"aux-modern-heading-primary\">Nuestro equipo<\/h2><div class=\"aux-modern-heading-description\"><p>Arantxa L\u00f3pez Rey tiene una\u00a0 experiencia profesional de m\u00e1s de 15 a\u00f1os.<\/p>\n<p>Ha colaborado en diversos centros sanitarios de la comunidad de Madrid como psic\u00f3loga sanitaria e impartiendo talleres de Risoterapia y Memoria.<\/p>\n<p>Es una apasionada de su trabajo, para ella lo importante es el paciente, dedica mucho tiempo a crear una buena alianza con \u00e9l porque cree que es fundamental que perciba las sesiones como un lugar seguro y tranquilo para ellos.<\/p>\n<p>\u00a0<\/p><\/div><\/div>\n        <\/section>\t\t\t\t<\/div>\n\t\t\t\t<\/div>\n\t\t\t\t<div class=\"elementor-element elementor-element-33767ea elementor-widget elementor-widget-image\" data-id=\"33767ea\" data-element_type=\"widget\" data-e-type=\"widget\" data-widget_type=\"image.default\">\n\t\t\t\t<div class=\"elementor-widget-container\">\n\t\t\t\t\t\t\t\t\t\t\t\t\t\t\t<img fetchpriority=\"high\" decoding=\"async\" width=\"1024\" height=\"256\" src=\"https:\/\/veritaspsicologia.es\/wp-content\/uploads\/2023\/03\/20230322131755305945-1024x256.png\" class=\"attachment-large size-large wp-image-264\" alt=\"\" \/>\t\t\t\t\t\t\t\t\t\t\t\t\t\t\t<\/div>\n\t\t\t\t<\/div>\n\t\t\t\t<div class=\"elementor-element elementor-element-5bb0372 elementor-icon-list--layout-traditional elementor-list-item-link-full_width elementor-widget elementor-widget-icon-list\" data-id=\"5bb0372\" data-element_type=\"widget\" data-e-type=\"widget\" data-widget_type=\"icon-list.default\">\n\t\t\t\t<div class=\"elementor-widget-container\">\n\t\t\t\t\t\t\t<ul class=\"elementor-icon-list-items\">\n\t\t\t\t\t\t\t<li class=\"elementor-icon-list-item\">\n\t\t\t\t\t\t\t\t\t\t\t<span class=\"elementor-icon-list-icon\">\n\t\t\t\t\t\t\t<i aria-hidden=\"true\" class=\"far fa-bookmark\"><\/i>\t\t\t\t\t\t<\/span>\n\t\t\t\t\t\t\t\t\t\t<span class=\"elementor-icon-list-text\">Licenciada en Psicolog\u00eda con especializaci\u00f3n en psicolog\u00eda cl\u00ednica por la Universidad Complutense de Madrid.<\/span>\n\t\t\t\t\t\t\t\t\t<\/li>\n\t\t\t\t\t\t\t\t<li class=\"elementor-icon-list-item\">\n\t\t\t\t\t\t\t\t\t\t\t<span class=\"elementor-icon-list-icon\">\n\t\t\t\t\t\t\t<i aria-hidden=\"true\" class=\"far fa-bookmark\"><\/i>\t\t\t\t\t\t<\/span>\n\t\t\t\t\t\t\t\t\t\t<span class=\"elementor-icon-list-text\">Master en terapia Cognitiva-conductual- social.<\/span>\n\t\t\t\t\t\t\t\t\t<\/li>\n\t\t\t\t\t\t\t\t<li class=\"elementor-icon-list-item\">\n\t\t\t\t\t\t\t\t\t\t<span class=\"elementor-icon-list-text\">_____________________________________________<\/span>\n\t\t\t\t\t\t\t\t\t<\/li>\n\t\t\t\t\t\t\t\t<li class=\"elementor-icon-list-item\">\n\t\t\t\t\t\t\t\t\t\t\t<span class=\"elementor-icon-list-icon\">\n\t\t\t\t\t\t\t<i aria-hidden=\"true\" class=\"fas fa-child\"><\/i>\t\t\t\t\t\t<\/span>\n\t\t\t\t\t\t\t\t\t\t<span class=\"elementor-icon-list-text\">Experto en transtornos infanto-juveniles<\/span>\n\t\t\t\t\t\t\t\t\t<\/li>\n\t\t\t\t\t\t\t\t<li class=\"elementor-icon-list-item\">\n\t\t\t\t\t\t\t\t\t\t\t<span class=\"elementor-icon-list-icon\">\n\t\t\t\t\t\t\t<i aria-hidden=\"true\" class=\"auxicon auxicon-bubble-love-streamline-talk\"><\/i>\t\t\t\t\t\t<\/span>\n\t\t\t\t\t\t\t\t\t\t<span class=\"elementor-icon-list-text\">Experto en terapia de pareja.<\/span>\n\t\t\t\t\t\t\t\t\t<\/li>\n\t\t\t\t\t\t\t\t<li class=\"elementor-icon-list-item\">\n\t\t\t\t\t\t\t\t\t\t\t<span class=\"elementor-icon-list-icon\">\n\t\t\t\t\t\t\t<i aria-hidden=\"true\" class=\"far fa-sad-tear\"><\/i>\t\t\t\t\t\t<\/span>\n\t\t\t\t\t\t\t\t\t\t<span class=\"elementor-icon-list-text\">Experto en duelo.<\/span>\n\t\t\t\t\t\t\t\t\t<\/li>\n\t\t\t\t\t\t\t\t<li class=\"elementor-icon-list-item\">\n\t\t\t\t\t\t\t\t\t\t\t<span class=\"elementor-icon-list-icon\">\n\t\t\t\t\t\t\t<i aria-hidden=\"true\" class=\"auxicon auxicon-stop-2\"><\/i>\t\t\t\t\t\t<\/span>\n\t\t\t\t\t\t\t\t\t\t<span class=\"elementor-icon-list-text\">Violencia de g\u00e9nero.<\/span>\n\t\t\t\t\t\t\t\t\t<\/li>\n\t\t\t\t\t\t\t\t<li class=\"elementor-icon-list-item\">\n\t\t\t\t\t\t\t\t\t\t\t<span class=\"elementor-icon-list-icon\">\n\t\t\t\t\t\t\t<i aria-hidden=\"true\" class=\"far fa-check-circle\"><\/i>\t\t\t\t\t\t<\/span>\n\t\t\t\t\t\t\t\t\t\t<span class=\"elementor-icon-list-text\">T\u00e9cnicas Reimprinting.<\/span>\n\t\t\t\t\t\t\t\t\t<\/li>\n\t\t\t\t\t\t\t\t<li class=\"elementor-icon-list-item\">\n\t\t\t\t\t\t\t\t\t\t\t<span class=\"elementor-icon-list-icon\">\n\t\t\t\t\t\t\t<i aria-hidden=\"true\" class=\"far fa-smile\"><\/i>\t\t\t\t\t\t<\/span>\n\t\t\t\t\t\t\t\t\t\t<span class=\"elementor-icon-list-text\">Monitora de Risoterapia.<\/span>\n\t\t\t\t\t\t\t\t\t<\/li>\n\t\t\t\t\t\t<\/ul>\n\t\t\t\t\t\t<\/div>\n\t\t\t\t<\/div>\n\t\t\t\t\t<\/div>\n\t\t<\/div>\n\t\t\t\t<div class=\"aux-parallax-section elementor-column elementor-col-50 elementor-top-column elementor-element elementor-element-dd0926c\" data-id=\"dd0926c\" data-element_type=\"column\" data-e-type=\"column\">\n\t\t\t<div class=\"elementor-widget-wrap elementor-element-populated\">\n\t\t\t\t\t\t<div class=\"elementor-element elementor-element-567329b aux-appear-watch-animation aux-scale-down elementor-widget elementor-widget-aux_image\" data-id=\"567329b\" data-element_type=\"widget\" data-e-type=\"widget\" data-widget_type=\"aux_image.default\">\n\t\t\t\t<div class=\"elementor-widget-container\">\n\t\t\t\t\t<section class=\"widget-container aux-widget-image aux-alignnone aux-parent-aud2e08a08\">\n    <div class=\"aux-media-hint-frame\">\n        <div class=\"aux-media-image\" >\n        \n            \n\n            \n            <img decoding=\"async\" width=\"1536\" height=\"2048\" src=\"https:\/\/veritaspsicologia.es\/wp-content\/uploads\/2023\/05\/veritas-psicologia-Arantxa_lopezl.png\" class=\"aux-attachment aux-featured-image aux-attachment-id-473\" alt=\"veritas-psicologia-Arantxa_lopezl\" data-ratio=\"0.75\" data-original-w=\"1536\" \/>            \n                <\/div>\n    <\/div>\n\n<\/section><!-- widget-container -->\t\t\t\t<\/div>\n\t\t\t\t<\/div>\n\t\t\t\t\t<\/div>\n\t\t<\/div>\n\t\t\t\t\t<\/div>\n\t\t<\/section>\n\t\t\t\t<\/div>","protected":false},"excerpt":{"rendered":"<p>Nuestro equipo Arantxa L\u00f3pez Rey tiene una\u00a0 experiencia profesional de m\u00e1s de 15 a\u00f1os. Ha colaborado en diversos centros sanitarios de la comunidad de Madrid como psic\u00f3loga sanitaria e impartiendo talleres de Risoterapia y Memoria. Es una apasionada de su trabajo, para ella lo importante es el paciente, dedica mucho tiempo a crear una buena [&hellip;]<\/p>\n","protected":false},"author":1,"featured_media":0,"parent":0,"menu_order":0,"comment_status":"closed","ping_status":"closed","template":"","meta":{"_seopress_robots_primary_cat":"","_seopress_titles_title":"","_seopress_titles_desc":"Arantxa L\u00f3pez Rey, su experiencia profesional se ha centrado en colaborar en diversos centros sanitarios de la comunidad de Madrid como psic\u00f3loga sanitaria e impartiendo talleres de Risoterapia y Memoria.\r\nAdemas lleva de 15 a\u00f1os ejerciendo como psic\u00f3loga sanitaria.","_seopress_robots_index":"","_joinchat":[],"footnotes":""},"class_list":["post-204","page","type-page","status-publish","hentry"],"yoast_head":"<!-- This site is optimized with the Yoast SEO plugin v27.3 - https:\/\/yoast.com\/product\/yoast-seo-wordpress\/ -->\n<title>Nuestro equipo - Veritas Psicolog\u00eda<\/title>\n<meta name=\"description\" content=\"Arantxa L\u00f3pez - Psic\u00f3loga Colegiada. Colabora en varios centros sanitarios de Madrid, e impartiendo talleres de Risoterapia y Memoria.\" \/>\n<meta name=\"robots\" content=\"index, follow, max-snippet:-1, max-image-preview:large, max-video-preview:-1\" \/>\n<link rel=\"canonical\" href=\"https:\/\/veritaspsicologia.es\/en\/nuestro-equipo\/\" \/>\n<meta property=\"og:locale\" content=\"en_GB\" \/>\n<meta property=\"og:type\" content=\"article\" \/>\n<meta property=\"og:title\" content=\"Nuestro equipo - Veritas Psicolog\u00eda\" \/>\n<meta property=\"og:description\" content=\"Arantxa L\u00f3pez - Psic\u00f3loga Colegiada. Colabora en varios centros sanitarios de Madrid, e impartiendo talleres de Risoterapia y Memoria.\" \/>\n<meta property=\"og:url\" content=\"https:\/\/veritaspsicologia.es\/en\/nuestro-equipo\/\" \/>\n<meta property=\"og:site_name\" content=\"Veritas Psicolog\u00eda\" \/>\n<meta property=\"article:modified_time\" content=\"2024-03-05T12:28:25+00:00\" \/>\n<meta property=\"og:image\" content=\"https:\/\/veritaspsicologia.es\/wp-content\/uploads\/2023\/03\/20230322131755305945-1024x256.png\" \/>\n<meta name=\"twitter:card\" content=\"summary_large_image\" \/>\n<meta name=\"twitter:label1\" content=\"Estimated reading time\" \/>\n\t<meta name=\"twitter:data1\" content=\"1 minute\" \/>\n<script type=\"application\/ld+json\" class=\"yoast-schema-graph\">{\"@context\":\"https:\\\/\\\/schema.org\",\"@graph\":[{\"@type\":\"WebPage\",\"@id\":\"https:\\\/\\\/veritaspsicologia.es\\\/nuestro-equipo\\\/\",\"url\":\"https:\\\/\\\/veritaspsicologia.es\\\/nuestro-equipo\\\/\",\"name\":\"Nuestro equipo - Veritas Psicolog\u00eda\",\"isPartOf\":{\"@id\":\"https:\\\/\\\/veritaspsicologia.es\\\/#website\"},\"primaryImageOfPage\":{\"@id\":\"https:\\\/\\\/veritaspsicologia.es\\\/nuestro-equipo\\\/#primaryimage\"},\"image\":{\"@id\":\"https:\\\/\\\/veritaspsicologia.es\\\/nuestro-equipo\\\/#primaryimage\"},\"thumbnailUrl\":\"https:\\\/\\\/veritaspsicologia.es\\\/wp-content\\\/uploads\\\/2023\\\/03\\\/20230322131755305945-1024x256.png\",\"datePublished\":\"2020-03-15T01:22:35+00:00\",\"dateModified\":\"2024-03-05T12:28:25+00:00\",\"description\":\"Arantxa L\u00f3pez - Psic\u00f3loga Colegiada. Colabora en varios centros sanitarios de Madrid, e impartiendo talleres de Risoterapia y Memoria.\",\"breadcrumb\":{\"@id\":\"https:\\\/\\\/veritaspsicologia.es\\\/nuestro-equipo\\\/#breadcrumb\"},\"inLanguage\":\"en-GB\",\"potentialAction\":[{\"@type\":\"ReadAction\",\"target\":[\"https:\\\/\\\/veritaspsicologia.es\\\/nuestro-equipo\\\/\"]}]},{\"@type\":\"ImageObject\",\"inLanguage\":\"en-GB\",\"@id\":\"https:\\\/\\\/veritaspsicologia.es\\\/nuestro-equipo\\\/#primaryimage\",\"url\":\"https:\\\/\\\/veritaspsicologia.es\\\/wp-content\\\/uploads\\\/2023\\\/03\\\/20230322131755305945-1024x256.png\",\"contentUrl\":\"https:\\\/\\\/veritaspsicologia.es\\\/wp-content\\\/uploads\\\/2023\\\/03\\\/20230322131755305945-1024x256.png\"},{\"@type\":\"BreadcrumbList\",\"@id\":\"https:\\\/\\\/veritaspsicologia.es\\\/nuestro-equipo\\\/#breadcrumb\",\"itemListElement\":[{\"@type\":\"ListItem\",\"position\":1,\"name\":\"Portada\",\"item\":\"https:\\\/\\\/veritaspsicologia.es\\\/\"},{\"@type\":\"ListItem\",\"position\":2,\"name\":\"Nuestro equipo\"}]},{\"@type\":\"WebSite\",\"@id\":\"https:\\\/\\\/veritaspsicologia.es\\\/#website\",\"url\":\"https:\\\/\\\/veritaspsicologia.es\\\/\",\"name\":\"Veritas Psicolog\u00eda\",\"description\":\"Psicologia Terapias Online\",\"publisher\":{\"@id\":\"https:\\\/\\\/veritaspsicologia.es\\\/#organization\"},\"alternateName\":\"VERITAS PSICO\",\"potentialAction\":[{\"@type\":\"SearchAction\",\"target\":{\"@type\":\"EntryPoint\",\"urlTemplate\":\"https:\\\/\\\/veritaspsicologia.es\\\/?s={search_term_string}\"},\"query-input\":{\"@type\":\"PropertyValueSpecification\",\"valueRequired\":true,\"valueName\":\"search_term_string\"}}],\"inLanguage\":\"en-GB\"},{\"@type\":\"Organization\",\"@id\":\"https:\\\/\\\/veritaspsicologia.es\\\/#organization\",\"name\":\"Veritas Psicolog\u00eda\",\"url\":\"https:\\\/\\\/veritaspsicologia.es\\\/\",\"logo\":{\"@type\":\"ImageObject\",\"inLanguage\":\"en-GB\",\"@id\":\"https:\\\/\\\/veritaspsicologia.es\\\/#\\\/schema\\\/logo\\\/image\\\/\",\"url\":\"https:\\\/\\\/veritaspsicologia.es\\\/wp-content\\\/uploads\\\/2023\\\/03\\\/cropped-veritas-web-1.png\",\"contentUrl\":\"https:\\\/\\\/veritaspsicologia.es\\\/wp-content\\\/uploads\\\/2023\\\/03\\\/cropped-veritas-web-1.png\",\"width\":350,\"height\":90,\"caption\":\"Veritas Psicolog\u00eda\"},\"image\":{\"@id\":\"https:\\\/\\\/veritaspsicologia.es\\\/#\\\/schema\\\/logo\\\/image\\\/\"},\"sameAs\":[\"https:\\\/\\\/www.instagram.com\\\/veritaspsicologia\\\/\"]}]}<\/script>\n<!-- \/ Yoast SEO plugin. -->","yoast_head_json":{"title":"Nuestro equipo - Veritas Psicolog\u00eda","description":"Arantxa L\u00f3pez - Psic\u00f3loga Colegiada. Colabora en varios centros sanitarios de Madrid, e impartiendo talleres de Risoterapia y Memoria.","robots":{"index":"index","follow":"follow","max-snippet":"max-snippet:-1","max-image-preview":"max-image-preview:large","max-video-preview":"max-video-preview:-1"},"canonical":"https:\/\/veritaspsicologia.es\/en\/nuestro-equipo\/","og_locale":"en_GB","og_type":"article","og_title":"Nuestro equipo - Veritas Psicolog\u00eda","og_description":"Arantxa L\u00f3pez - Psic\u00f3loga Colegiada. Colabora en varios centros sanitarios de Madrid, e impartiendo talleres de Risoterapia y Memoria.","og_url":"https:\/\/veritaspsicologia.es\/en\/nuestro-equipo\/","og_site_name":"Veritas Psicolog\u00eda","article_modified_time":"2024-03-05T12:28:25+00:00","og_image":[{"url":"https:\/\/veritaspsicologia.es\/wp-content\/uploads\/2023\/03\/20230322131755305945-1024x256.png","type":"","width":"","height":""}],"twitter_card":"summary_large_image","twitter_misc":{"Estimated reading time":"1 minute"},"schema":{"@context":"https:\/\/schema.org","@graph":[{"@type":"WebPage","@id":"https:\/\/veritaspsicologia.es\/nuestro-equipo\/","url":"https:\/\/veritaspsicologia.es\/nuestro-equipo\/","name":"Nuestro equipo - Veritas Psicolog\u00eda","isPartOf":{"@id":"https:\/\/veritaspsicologia.es\/#website"},"primaryImageOfPage":{"@id":"https:\/\/veritaspsicologia.es\/nuestro-equipo\/#primaryimage"},"image":{"@id":"https:\/\/veritaspsicologia.es\/nuestro-equipo\/#primaryimage"},"thumbnailUrl":"https:\/\/veritaspsicologia.es\/wp-content\/uploads\/2023\/03\/20230322131755305945-1024x256.png","datePublished":"2020-03-15T01:22:35+00:00","dateModified":"2024-03-05T12:28:25+00:00","description":"Arantxa L\u00f3pez - Psic\u00f3loga Colegiada. Colabora en varios centros sanitarios de Madrid, e impartiendo talleres de Risoterapia y Memoria.","breadcrumb":{"@id":"https:\/\/veritaspsicologia.es\/nuestro-equipo\/#breadcrumb"},"inLanguage":"en-GB","potentialAction":[{"@type":"ReadAction","target":["https:\/\/veritaspsicologia.es\/nuestro-equipo\/"]}]},{"@type":"ImageObject","inLanguage":"en-GB","@id":"https:\/\/veritaspsicologia.es\/nuestro-equipo\/#primaryimage","url":"https:\/\/veritaspsicologia.es\/wp-content\/uploads\/2023\/03\/20230322131755305945-1024x256.png","contentUrl":"https:\/\/veritaspsicologia.es\/wp-content\/uploads\/2023\/03\/20230322131755305945-1024x256.png"},{"@type":"BreadcrumbList","@id":"https:\/\/veritaspsicologia.es\/nuestro-equipo\/#breadcrumb","itemListElement":[{"@type":"ListItem","position":1,"name":"Portada","item":"https:\/\/veritaspsicologia.es\/"},{"@type":"ListItem","position":2,"name":"Nuestro equipo"}]},{"@type":"WebSite","@id":"https:\/\/veritaspsicologia.es\/#website","url":"https:\/\/veritaspsicologia.es\/","name":"Veritas Psicolog\u00eda","description":"Psicologia Terapias Online","publisher":{"@id":"https:\/\/veritaspsicologia.es\/#organization"},"alternateName":"VERITAS PSICO","potentialAction":[{"@type":"SearchAction","target":{"@type":"EntryPoint","urlTemplate":"https:\/\/veritaspsicologia.es\/?s={search_term_string}"},"query-input":{"@type":"PropertyValueSpecification","valueRequired":true,"valueName":"search_term_string"}}],"inLanguage":"en-GB"},{"@type":"Organization","@id":"https:\/\/veritaspsicologia.es\/#organization","name":"Veritas Psicolog\u00eda","url":"https:\/\/veritaspsicologia.es\/","logo":{"@type":"ImageObject","inLanguage":"en-GB","@id":"https:\/\/veritaspsicologia.es\/#\/schema\/logo\/image\/","url":"https:\/\/veritaspsicologia.es\/wp-content\/uploads\/2023\/03\/cropped-veritas-web-1.png","contentUrl":"https:\/\/veritaspsicologia.es\/wp-content\/uploads\/2023\/03\/cropped-veritas-web-1.png","width":350,"height":90,"caption":"Veritas Psicolog\u00eda"},"image":{"@id":"https:\/\/veritaspsicologia.es\/#\/schema\/logo\/image\/"},"sameAs":["https:\/\/www.instagram.com\/veritaspsicologia\/"]}]}},"_links":{"self":[{"href":"https:\/\/veritaspsicologia.es\/en\/wp-json\/wp\/v2\/pages\/204","targetHints":{"allow":["GET"]}}],"collection":[{"href":"https:\/\/veritaspsicologia.es\/en\/wp-json\/wp\/v2\/pages"}],"about":[{"href":"https:\/\/veritaspsicologia.es\/en\/wp-json\/wp\/v2\/types\/page"}],"author":[{"embeddable":true,"href":"https:\/\/veritaspsicologia.es\/en\/wp-json\/wp\/v2\/users\/1"}],"replies":[{"embeddable":true,"href":"https:\/\/veritaspsicologia.es\/en\/wp-json\/wp\/v2\/comments?post=204"}],"version-history":[{"count":0,"href":"https:\/\/veritaspsicologia.es\/en\/wp-json\/wp\/v2\/pages\/204\/revisions"}],"wp:attachment":[{"href":"https:\/\/veritaspsicologia.es\/en\/wp-json\/wp\/v2\/media?parent=204"}],"curies":[{"name":"wp","href":"https:\/\/api.w.org\/{rel}","templated":true}]}}