{"id":207,"date":"2020-03-14T19:39:09","date_gmt":"2020-03-14T19:39:09","guid":{"rendered":"https:\/\/veritaspsicologia.es\/services\/"},"modified":"2023-05-26T09:22:24","modified_gmt":"2023-05-26T09:22:24","slug":"servicios","status":"publish","type":"page","link":"https:\/\/veritaspsicologia.es\/en\/servicios\/","title":{"rendered":"Servicios"},"content":{"rendered":"<div data-elementor-type=\"wp-page\" data-elementor-id=\"207\" class=\"elementor elementor-207\">\n\t\t\t\t\t\t<section class=\"elementor-section elementor-top-section elementor-element elementor-element-de89b61 elementor-section-content-middle elementor-section-boxed elementor-section-height-default elementor-section-height-default\" data-id=\"de89b61\" data-element_type=\"section\" data-e-type=\"section\">\n\t\t\t\t\t\t<div class=\"elementor-container elementor-column-gap-no\">\n\t\t\t\t\t<div class=\"aux-parallax-section elementor-column elementor-col-50 elementor-top-column elementor-element elementor-element-48e65a7\" data-id=\"48e65a7\" data-element_type=\"column\" data-e-type=\"column\">\n\t\t\t<div class=\"elementor-widget-wrap elementor-element-populated\">\n\t\t\t\t\t\t<div class=\"elementor-element elementor-element-80d7e82 aux-appear-watch-animation aux-fade-in-up elementor-widget elementor-widget-aux_modern_heading\" data-id=\"80d7e82\" data-element_type=\"widget\" data-e-type=\"widget\" data-widget_type=\"aux_modern_heading.default\">\n\t\t\t\t<div class=\"elementor-widget-container\">\n\t\t\t\t\t<section class=\"aux-widget-modern-heading\">\n            <div class=\"aux-widget-inner\"><h2 class=\"aux-modern-heading-primary\">Lo que tratamos<\/h2><div class=\"aux-modern-heading-description\"><p>A veces en la vida nos sentimos mal, sentimos que todo nos desborda y que algo no est\u00e1 funcionando, que hemos perdido esa chispa, esa ilusi\u00f3n, y ya no nos sentimos nosotros mismos. Tambi\u00e9n nos pueden pasar imprevistos que hacen que nuestra vida, nuestra rutina se desestabilice y que nos provoqu\u00e9 emociones que nos cuesta manejar o simplemente que llega un momento en nuestra vida que decidimos que es momento de querernos, valorarnos m\u00e1s, de conocernos y la psicolog\u00eda nos puede ayudar dot\u00e1ndonos de herramientas e instrumentos para ir afrontando y superando estas nuevas etapas de la vida con las que nos vemos encontrando.<\/p><p>Algunas de los trastornos m\u00e1s comunes que nos encontramos son:<\/p><\/div><\/div>\n        <\/section>\t\t\t\t<\/div>\n\t\t\t\t<\/div>\n\t\t\t\t<div class=\"elementor-element elementor-element-ef6d647 aux-appear-watch-animation aux-fade-in-up elementor-icon-list--layout-traditional elementor-list-item-link-full_width elementor-widget elementor-widget-icon-list\" data-id=\"ef6d647\" data-element_type=\"widget\" data-e-type=\"widget\" data-widget_type=\"icon-list.default\">\n\t\t\t\t<div class=\"elementor-widget-container\">\n\t\t\t\t\t\t\t<ul class=\"elementor-icon-list-items\">\n\t\t\t\t\t\t\t<li class=\"elementor-icon-list-item\">\n\t\t\t\t\t\t\t\t\t\t\t<span class=\"elementor-icon-list-icon\">\n\t\t\t\t\t\t\t<i aria-hidden=\"true\" class=\"auxicon auxicon-primitive-dot\"><\/i>\t\t\t\t\t\t<\/span>\n\t\t\t\t\t\t\t\t\t\t<span class=\"elementor-icon-list-text\">Trastornos de ansiedad (agorafobia, hipocondr\u00eda, TOC, p\u00e1nico, fobias...)<\/span>\n\t\t\t\t\t\t\t\t\t<\/li>\n\t\t\t\t\t\t\t\t<li class=\"elementor-icon-list-item\">\n\t\t\t\t\t\t\t\t\t\t\t<span class=\"elementor-icon-list-icon\">\n\t\t\t\t\t\t\t<i aria-hidden=\"true\" class=\"auxicon auxicon-primitive-dot\"><\/i>\t\t\t\t\t\t<\/span>\n\t\t\t\t\t\t\t\t\t\t<span class=\"elementor-icon-list-text\">Estr\u00e9s<\/span>\n\t\t\t\t\t\t\t\t\t<\/li>\n\t\t\t\t\t\t\t\t<li class=\"elementor-icon-list-item\">\n\t\t\t\t\t\t\t\t\t\t\t<span class=\"elementor-icon-list-icon\">\n\t\t\t\t\t\t\t<i aria-hidden=\"true\" class=\"auxicon auxicon-primitive-dot\"><\/i>\t\t\t\t\t\t<\/span>\n\t\t\t\t\t\t\t\t\t\t<span class=\"elementor-icon-list-text\">Trastornos del estado de \u00e1nimo<\/span>\n\t\t\t\t\t\t\t\t\t<\/li>\n\t\t\t\t\t\t\t\t<li class=\"elementor-icon-list-item\">\n\t\t\t\t\t\t\t\t\t\t\t<span class=\"elementor-icon-list-icon\">\n\t\t\t\t\t\t\t<i aria-hidden=\"true\" class=\"auxicon auxicon-primitive-dot\"><\/i>\t\t\t\t\t\t<\/span>\n\t\t\t\t\t\t\t\t\t\t<span class=\"elementor-icon-list-text\">Autoestima<\/span>\n\t\t\t\t\t\t\t\t\t<\/li>\n\t\t\t\t\t\t\t\t<li class=\"elementor-icon-list-item\">\n\t\t\t\t\t\t\t\t\t\t\t<span class=\"elementor-icon-list-icon\">\n\t\t\t\t\t\t\t<i aria-hidden=\"true\" class=\"auxicon auxicon-primitive-dot\"><\/i>\t\t\t\t\t\t<\/span>\n\t\t\t\t\t\t\t\t\t\t<span class=\"elementor-icon-list-text\">Duelos<\/span>\n\t\t\t\t\t\t\t\t\t<\/li>\n\t\t\t\t\t\t\t\t<li class=\"elementor-icon-list-item\">\n\t\t\t\t\t\t\t\t\t\t\t<span class=\"elementor-icon-list-icon\">\n\t\t\t\t\t\t\t<i aria-hidden=\"true\" class=\"auxicon auxicon-primitive-dot\"><\/i>\t\t\t\t\t\t<\/span>\n\t\t\t\t\t\t\t\t\t\t<span class=\"elementor-icon-list-text\">Entrenamiento en habilidades sociales<\/span>\n\t\t\t\t\t\t\t\t\t<\/li>\n\t\t\t\t\t\t\t\t<li class=\"elementor-icon-list-item\">\n\t\t\t\t\t\t\t\t\t\t\t<span class=\"elementor-icon-list-icon\">\n\t\t\t\t\t\t\t<i aria-hidden=\"true\" class=\"auxicon auxicon-primitive-dot\"><\/i>\t\t\t\t\t\t<\/span>\n\t\t\t\t\t\t\t\t\t\t<span class=\"elementor-icon-list-text\">Trastornos del impulso<\/span>\n\t\t\t\t\t\t\t\t\t<\/li>\n\t\t\t\t\t\t\t\t<li class=\"elementor-icon-list-item\">\n\t\t\t\t\t\t\t\t\t\t\t<span class=\"elementor-icon-list-icon\">\n\t\t\t\t\t\t\t<i aria-hidden=\"true\" class=\"auxicon auxicon-primitive-dot\"><\/i>\t\t\t\t\t\t<\/span>\n\t\t\t\t\t\t\t\t\t\t<span class=\"elementor-icon-list-text\">Terapia de pareja<\/span>\n\t\t\t\t\t\t\t\t\t<\/li>\n\t\t\t\t\t\t\t\t<li class=\"elementor-icon-list-item\">\n\t\t\t\t\t\t\t\t\t\t\t<span class=\"elementor-icon-list-icon\">\n\t\t\t\t\t\t\t<i aria-hidden=\"true\" class=\"auxicon auxicon-primitive-dot\"><\/i>\t\t\t\t\t\t<\/span>\n\t\t\t\t\t\t\t\t\t\t<span class=\"elementor-icon-list-text\">Adicciones <\/span>\n\t\t\t\t\t\t\t\t\t<\/li>\n\t\t\t\t\t\t\t\t<li class=\"elementor-icon-list-item\">\n\t\t\t\t\t\t\t\t\t\t\t<span class=\"elementor-icon-list-icon\">\n\t\t\t\t\t\t\t<i aria-hidden=\"true\" class=\"auxicon auxicon-primitive-dot\"><\/i>\t\t\t\t\t\t<\/span>\n\t\t\t\t\t\t\t\t\t\t<span class=\"elementor-icon-list-text\">Otras problem\u00e1ticas<\/span>\n\t\t\t\t\t\t\t\t\t<\/li>\n\t\t\t\t\t\t<\/ul>\n\t\t\t\t\t\t<\/div>\n\t\t\t\t<\/div>\n\t\t\t\t\t<\/div>\n\t\t<\/div>\n\t\t\t\t<div class=\"aux-parallax-section elementor-column elementor-col-50 elementor-top-column elementor-element elementor-element-fd09fbc\" data-id=\"fd09fbc\" data-element_type=\"column\" data-e-type=\"column\">\n\t\t\t<div class=\"elementor-widget-wrap elementor-element-populated\">\n\t\t\t\t\t\t<div class=\"elementor-element elementor-element-0c2162d aux-appear-watch-animation aux-scale-up elementor-absolute elementor-widget elementor-widget-aux_image\" data-id=\"0c2162d\" data-element_type=\"widget\" data-e-type=\"widget\" data-settings=\"{&quot;_position&quot;:&quot;absolute&quot;}\" data-widget_type=\"aux_image.default\">\n\t\t\t\t<div class=\"elementor-widget-container\">\n\t\t\t\t\t<section class=\"widget-container aux-widget-image aux-alignnone aux-parent-au5cd9e2c1\">\n    <div class=\"aux-media-hint-frame\">\n        <div class=\"aux-media-image\" >\n        \n            \n\n            \n            <img fetchpriority=\"high\" decoding=\"async\" width=\"2560\" height=\"2560\" src=\"https:\/\/veritaspsicologia.es\/wp-content\/uploads\/2023\/05\/veritas-psicologia-2-scaled.jpg\" class=\"aux-attachment aux-featured-image aux-attachment-id-468\" data-ratio=\"1\" data-original-w=\"2560\" \/>            \n                <\/div>\n    <\/div>\n\n<\/section><!-- widget-container -->\t\t\t\t<\/div>\n\t\t\t\t<\/div>\n\t\t\t\t\t<\/div>\n\t\t<\/div>\n\t\t\t\t\t<\/div>\n\t\t<\/section>\n\t\t\t\t<\/div>","protected":false},"excerpt":{"rendered":"<p>Lo que tratamos A veces en la vida nos sentimos mal, sentimos que todo nos desborda y que algo no est\u00e1 funcionando, que hemos perdido esa chispa, esa ilusi\u00f3n, y ya no nos sentimos nosotros mismos. Tambi\u00e9n nos pueden pasar imprevistos que hacen que nuestra vida, nuestra rutina se desestabilice y que nos provoqu\u00e9 emociones [&hellip;]<\/p>\n","protected":false},"author":1,"featured_media":0,"parent":0,"menu_order":0,"comment_status":"closed","ping_status":"closed","template":"templates\/page-builder-content.php","meta":{"_seopress_robots_primary_cat":"","_seopress_titles_title":"","_seopress_titles_desc":"","_seopress_robots_index":"","_joinchat":[],"footnotes":""},"class_list":["post-207","page","type-page","status-publish","hentry"],"yoast_head":"<!-- This site is optimized with the Yoast SEO plugin v27.3 - https:\/\/yoast.com\/product\/yoast-seo-wordpress\/ -->\n<title>Servicios - Veritas Psicolog\u00eda<\/title>\n<meta name=\"robots\" content=\"index, follow, max-snippet:-1, max-image-preview:large, max-video-preview:-1\" \/>\n<link rel=\"canonical\" href=\"https:\/\/veritaspsicologia.es\/en\/servicios\/\" \/>\n<meta property=\"og:locale\" content=\"en_GB\" \/>\n<meta property=\"og:type\" content=\"article\" \/>\n<meta property=\"og:title\" content=\"Servicios - Veritas Psicolog\u00eda\" \/>\n<meta property=\"og:description\" content=\"Lo que tratamos A veces en la vida nos sentimos mal, sentimos que todo nos desborda y que algo no est\u00e1 funcionando, que hemos perdido esa chispa, esa ilusi\u00f3n, y ya no nos sentimos nosotros mismos. Tambi\u00e9n nos pueden pasar imprevistos que hacen que nuestra vida, nuestra rutina se desestabilice y que nos provoqu\u00e9 emociones [&hellip;]\" \/>\n<meta property=\"og:url\" content=\"https:\/\/veritaspsicologia.es\/en\/servicios\/\" \/>\n<meta property=\"og:site_name\" content=\"Veritas Psicolog\u00eda\" \/>\n<meta property=\"article:modified_time\" content=\"2023-05-26T09:22:24+00:00\" \/>\n<meta property=\"og:image\" content=\"https:\/\/veritaspsicologia.es\/wp-content\/uploads\/2023\/05\/veritas-psicologia-2-scaled.jpg\" \/>\n<meta name=\"twitter:card\" content=\"summary_large_image\" \/>\n<meta name=\"twitter:label1\" content=\"Estimated reading time\" \/>\n\t<meta name=\"twitter:data1\" content=\"1 minute\" \/>\n<script type=\"application\/ld+json\" class=\"yoast-schema-graph\">{\"@context\":\"https:\\\/\\\/schema.org\",\"@graph\":[{\"@type\":\"WebPage\",\"@id\":\"https:\\\/\\\/veritaspsicologia.es\\\/servicios\\\/\",\"url\":\"https:\\\/\\\/veritaspsicologia.es\\\/servicios\\\/\",\"name\":\"Servicios - Veritas Psicolog\u00eda\",\"isPartOf\":{\"@id\":\"https:\\\/\\\/veritaspsicologia.es\\\/#website\"},\"primaryImageOfPage\":{\"@id\":\"https:\\\/\\\/veritaspsicologia.es\\\/servicios\\\/#primaryimage\"},\"image\":{\"@id\":\"https:\\\/\\\/veritaspsicologia.es\\\/servicios\\\/#primaryimage\"},\"thumbnailUrl\":\"https:\\\/\\\/veritaspsicologia.es\\\/wp-content\\\/uploads\\\/2023\\\/05\\\/veritas-psicologia-2-scaled.jpg\",\"datePublished\":\"2020-03-14T19:39:09+00:00\",\"dateModified\":\"2023-05-26T09:22:24+00:00\",\"breadcrumb\":{\"@id\":\"https:\\\/\\\/veritaspsicologia.es\\\/servicios\\\/#breadcrumb\"},\"inLanguage\":\"en-GB\",\"potentialAction\":[{\"@type\":\"ReadAction\",\"target\":[\"https:\\\/\\\/veritaspsicologia.es\\\/servicios\\\/\"]}]},{\"@type\":\"ImageObject\",\"inLanguage\":\"en-GB\",\"@id\":\"https:\\\/\\\/veritaspsicologia.es\\\/servicios\\\/#primaryimage\",\"url\":\"https:\\\/\\\/veritaspsicologia.es\\\/wp-content\\\/uploads\\\/2023\\\/05\\\/veritas-psicologia-2-scaled.jpg\",\"contentUrl\":\"https:\\\/\\\/veritaspsicologia.es\\\/wp-content\\\/uploads\\\/2023\\\/05\\\/veritas-psicologia-2-scaled.jpg\"},{\"@type\":\"BreadcrumbList\",\"@id\":\"https:\\\/\\\/veritaspsicologia.es\\\/servicios\\\/#breadcrumb\",\"itemListElement\":[{\"@type\":\"ListItem\",\"position\":1,\"name\":\"Portada\",\"item\":\"https:\\\/\\\/veritaspsicologia.es\\\/\"},{\"@type\":\"ListItem\",\"position\":2,\"name\":\"Servicios\"}]},{\"@type\":\"WebSite\",\"@id\":\"https:\\\/\\\/veritaspsicologia.es\\\/#website\",\"url\":\"https:\\\/\\\/veritaspsicologia.es\\\/\",\"name\":\"Veritas Psicolog\u00eda\",\"description\":\"Psicologia Terapias Online\",\"publisher\":{\"@id\":\"https:\\\/\\\/veritaspsicologia.es\\\/#organization\"},\"alternateName\":\"VERITAS PSICO\",\"potentialAction\":[{\"@type\":\"SearchAction\",\"target\":{\"@type\":\"EntryPoint\",\"urlTemplate\":\"https:\\\/\\\/veritaspsicologia.es\\\/?s={search_term_string}\"},\"query-input\":{\"@type\":\"PropertyValueSpecification\",\"valueRequired\":true,\"valueName\":\"search_term_string\"}}],\"inLanguage\":\"en-GB\"},{\"@type\":\"Organization\",\"@id\":\"https:\\\/\\\/veritaspsicologia.es\\\/#organization\",\"name\":\"Veritas Psicolog\u00eda\",\"url\":\"https:\\\/\\\/veritaspsicologia.es\\\/\",\"logo\":{\"@type\":\"ImageObject\",\"inLanguage\":\"en-GB\",\"@id\":\"https:\\\/\\\/veritaspsicologia.es\\\/#\\\/schema\\\/logo\\\/image\\\/\",\"url\":\"https:\\\/\\\/veritaspsicologia.es\\\/wp-content\\\/uploads\\\/2023\\\/03\\\/cropped-veritas-web-1.png\",\"contentUrl\":\"https:\\\/\\\/veritaspsicologia.es\\\/wp-content\\\/uploads\\\/2023\\\/03\\\/cropped-veritas-web-1.png\",\"width\":350,\"height\":90,\"caption\":\"Veritas Psicolog\u00eda\"},\"image\":{\"@id\":\"https:\\\/\\\/veritaspsicologia.es\\\/#\\\/schema\\\/logo\\\/image\\\/\"},\"sameAs\":[\"https:\\\/\\\/www.instagram.com\\\/veritaspsicologia\\\/\"]}]}<\/script>\n<!-- \/ Yoast SEO plugin. -->","yoast_head_json":{"title":"Servicios - Veritas Psicolog\u00eda","robots":{"index":"index","follow":"follow","max-snippet":"max-snippet:-1","max-image-preview":"max-image-preview:large","max-video-preview":"max-video-preview:-1"},"canonical":"https:\/\/veritaspsicologia.es\/en\/servicios\/","og_locale":"en_GB","og_type":"article","og_title":"Servicios - Veritas Psicolog\u00eda","og_description":"Lo que tratamos A veces en la vida nos sentimos mal, sentimos que todo nos desborda y que algo no est\u00e1 funcionando, que hemos perdido esa chispa, esa ilusi\u00f3n, y ya no nos sentimos nosotros mismos. Tambi\u00e9n nos pueden pasar imprevistos que hacen que nuestra vida, nuestra rutina se desestabilice y que nos provoqu\u00e9 emociones [&hellip;]","og_url":"https:\/\/veritaspsicologia.es\/en\/servicios\/","og_site_name":"Veritas Psicolog\u00eda","article_modified_time":"2023-05-26T09:22:24+00:00","og_image":[{"url":"https:\/\/veritaspsicologia.es\/wp-content\/uploads\/2023\/05\/veritas-psicologia-2-scaled.jpg","type":"","width":"","height":""}],"twitter_card":"summary_large_image","twitter_misc":{"Estimated reading time":"1 minute"},"schema":{"@context":"https:\/\/schema.org","@graph":[{"@type":"WebPage","@id":"https:\/\/veritaspsicologia.es\/servicios\/","url":"https:\/\/veritaspsicologia.es\/servicios\/","name":"Servicios - Veritas Psicolog\u00eda","isPartOf":{"@id":"https:\/\/veritaspsicologia.es\/#website"},"primaryImageOfPage":{"@id":"https:\/\/veritaspsicologia.es\/servicios\/#primaryimage"},"image":{"@id":"https:\/\/veritaspsicologia.es\/servicios\/#primaryimage"},"thumbnailUrl":"https:\/\/veritaspsicologia.es\/wp-content\/uploads\/2023\/05\/veritas-psicologia-2-scaled.jpg","datePublished":"2020-03-14T19:39:09+00:00","dateModified":"2023-05-26T09:22:24+00:00","breadcrumb":{"@id":"https:\/\/veritaspsicologia.es\/servicios\/#breadcrumb"},"inLanguage":"en-GB","potentialAction":[{"@type":"ReadAction","target":["https:\/\/veritaspsicologia.es\/servicios\/"]}]},{"@type":"ImageObject","inLanguage":"en-GB","@id":"https:\/\/veritaspsicologia.es\/servicios\/#primaryimage","url":"https:\/\/veritaspsicologia.es\/wp-content\/uploads\/2023\/05\/veritas-psicologia-2-scaled.jpg","contentUrl":"https:\/\/veritaspsicologia.es\/wp-content\/uploads\/2023\/05\/veritas-psicologia-2-scaled.jpg"},{"@type":"BreadcrumbList","@id":"https:\/\/veritaspsicologia.es\/servicios\/#breadcrumb","itemListElement":[{"@type":"ListItem","position":1,"name":"Portada","item":"https:\/\/veritaspsicologia.es\/"},{"@type":"ListItem","position":2,"name":"Servicios"}]},{"@type":"WebSite","@id":"https:\/\/veritaspsicologia.es\/#website","url":"https:\/\/veritaspsicologia.es\/","name":"Veritas Psicolog\u00eda","description":"Psicologia Terapias Online","publisher":{"@id":"https:\/\/veritaspsicologia.es\/#organization"},"alternateName":"VERITAS PSICO","potentialAction":[{"@type":"SearchAction","target":{"@type":"EntryPoint","urlTemplate":"https:\/\/veritaspsicologia.es\/?s={search_term_string}"},"query-input":{"@type":"PropertyValueSpecification","valueRequired":true,"valueName":"search_term_string"}}],"inLanguage":"en-GB"},{"@type":"Organization","@id":"https:\/\/veritaspsicologia.es\/#organization","name":"Veritas Psicolog\u00eda","url":"https:\/\/veritaspsicologia.es\/","logo":{"@type":"ImageObject","inLanguage":"en-GB","@id":"https:\/\/veritaspsicologia.es\/#\/schema\/logo\/image\/","url":"https:\/\/veritaspsicologia.es\/wp-content\/uploads\/2023\/03\/cropped-veritas-web-1.png","contentUrl":"https:\/\/veritaspsicologia.es\/wp-content\/uploads\/2023\/03\/cropped-veritas-web-1.png","width":350,"height":90,"caption":"Veritas Psicolog\u00eda"},"image":{"@id":"https:\/\/veritaspsicologia.es\/#\/schema\/logo\/image\/"},"sameAs":["https:\/\/www.instagram.com\/veritaspsicologia\/"]}]}},"_links":{"self":[{"href":"https:\/\/veritaspsicologia.es\/en\/wp-json\/wp\/v2\/pages\/207","targetHints":{"allow":["GET"]}}],"collection":[{"href":"https:\/\/veritaspsicologia.es\/en\/wp-json\/wp\/v2\/pages"}],"about":[{"href":"https:\/\/veritaspsicologia.es\/en\/wp-json\/wp\/v2\/types\/page"}],"author":[{"embeddable":true,"href":"https:\/\/veritaspsicologia.es\/en\/wp-json\/wp\/v2\/users\/1"}],"replies":[{"embeddable":true,"href":"https:\/\/veritaspsicologia.es\/en\/wp-json\/wp\/v2\/comments?post=207"}],"version-history":[{"count":0,"href":"https:\/\/veritaspsicologia.es\/en\/wp-json\/wp\/v2\/pages\/207\/revisions"}],"wp:attachment":[{"href":"https:\/\/veritaspsicologia.es\/en\/wp-json\/wp\/v2\/media?parent=207"}],"curies":[{"name":"wp","href":"https:\/\/api.w.org\/{rel}","templated":true}]}}