{"id":3,"date":"2023-03-08T13:43:26","date_gmt":"2023-03-08T13:43:26","guid":{"rendered":"http:\/\/veritaspsicologia.es\/?page_id=3"},"modified":"2026-02-03T21:43:43","modified_gmt":"2026-02-03T21:43:43","slug":"politica-privacidad","status":"publish","type":"page","link":"https:\/\/veritaspsicologia.es\/en\/politica-privacidad\/","title":{"rendered":"Pol\u00edtica de privacidad"},"content":{"rendered":"<div data-elementor-type=\"wp-page\" data-elementor-id=\"3\" class=\"elementor elementor-3\">\n\t\t\t\t\t\t<section class=\"elementor-section elementor-top-section elementor-element elementor-element-688808cf elementor-section-boxed elementor-section-height-default elementor-section-height-default\" data-id=\"688808cf\" data-element_type=\"section\" data-e-type=\"section\">\n\t\t\t\t\t\t<div class=\"elementor-container elementor-column-gap-default\">\n\t\t\t\t\t<div class=\"aux-parallax-section elementor-column elementor-col-100 elementor-top-column elementor-element elementor-element-434edddc\" data-id=\"434edddc\" data-element_type=\"column\" data-e-type=\"column\">\n\t\t\t<div class=\"elementor-widget-wrap elementor-element-populated\">\n\t\t\t\t\t\t<div class=\"elementor-element elementor-element-496c56e elementor-widget elementor-widget-text-editor\" data-id=\"496c56e\" data-element_type=\"widget\" data-e-type=\"widget\" data-widget_type=\"text-editor.default\">\n\t\t\t\t<div class=\"elementor-widget-container\">\n\t\t\t\t\t\t\t\t\t<h2><strong>POL\u00cdTICA DE PRIVACIDAD<\/strong><\/h2><p><b>1. INFORMACI\u00d3N AL USUARIO<\/b><b><\/b><\/p><p><b>\u00bfQui\u00e9n es el responsable del tratamiento de tus datos personales?<\/b><\/p><p><b>Mar\u00eda Ar\u00e1nzazu L\u00f3pez Rey <\/b><span style=\"font-weight: 400;\">es el RESPONSABLE del tratamiento de los datos personales del USUARIO y le informa de que estos datos ser\u00e1n tratados de conformidad con lo dispuesto en el Reglamento (UE) 2016\/679, de 27 de abril (RGPD), y la Ley Org\u00e1nica 3\/2018, de 5 de diciembre (LOPDGDD).<\/span><\/p><p><b>\u00bfPara qu\u00e9 tratamos tus datos personales y por qu\u00e9 lo hacemos?<\/b><\/p><p><span style=\"font-weight: 400;\">Seg\u00fan el formulario donde hayamos obtenido sus datos personales, los trataremos de manera confidencial para alcanzar los siguientes fines:<\/span><\/p><p><span style=\"font-weight: 400;\">En el formulario <\/span><b>Contacto<\/b><\/p><p><span style=\"font-weight: 400;\">Dar respuesta a las consultas o cualquier tipo de petici\u00f3n que sea realizada por el usuario a trav\u00e9s de cualquiera de las formas de contacto que se ponen a su disposici\u00f3n en la p\u00e1gina web del responsable.<\/span><\/p><p><span style=\"font-weight: 400;\">(<\/span><i><span style=\"font-weight: 400;\">por el inter\u00e9s leg\u00edtimo del responsable, art. 6.1.f GDPR<\/span><\/i><span style=\"font-weight: 400;\">)<\/span><\/p><p><span style=\"font-weight: 400;\">Enviar comunicaciones comerciales publicitarias por e-mail, fax, SMS, MMS, redes sociales o cualquier otro medio electr\u00f3nico o f\u00edsico, presente o futuro, que posibilite realizar comunicaciones comerciales. Estas comunicaciones ser\u00e1n realizadas por el responsable y estar\u00e1n relacionadas con sus productos y servicios, o de sus colaboradores o proveedores, con los que este haya alcanzado alg\u00fan acuerdo de promoci\u00f3n. En este caso, los terceros nunca tendr\u00e1n acceso a los datos personales. (<\/span><i><span style=\"font-weight: 400;\">por el consentimiento del interesado, 6.1.a GDPR<\/span><\/i><span style=\"font-weight: 400;\">)<\/span><\/p><p><span style=\"font-weight: 400;\">Realizar an\u00e1lisis estad\u00edsticos y estudios de mercado. (<\/span><i><span style=\"font-weight: 400;\">por el inter\u00e9s leg\u00edtimo del responsable, art. 6.1.f GDPR<\/span><\/i><span style=\"font-weight: 400;\">)<\/span><\/p><p><span style=\"font-weight: 400;\">En el formulario <\/span><b>Citas<\/b><\/p><p><span style=\"font-weight: 400;\">Agendar citas y reuniones con el responsable.<\/span><\/p><p><span style=\"font-weight: 400;\">(<\/span><i><span style=\"font-weight: 400;\">por el inter\u00e9s leg\u00edtimo del responsable, art. 6.1.f GDPR<\/span><\/i><span style=\"font-weight: 400;\">)<\/span><\/p><p><b>\u00bfDurante cu\u00e1nto tiempo guardaremos tus datos personales?<\/b><\/p><p><span style=\"font-weight: 400;\">Se conservar\u00e1n durante no m\u00e1s tiempo del necesario para mantener el fin del tratamiento o existan prescripciones legales que dictaminen su custodia y cuando ya no sea necesario para ello, se suprimir\u00e1n con medidas de seguridad adecuadas para garantizar la anonimizaci\u00f3n de los datos o la destrucci\u00f3n total de los mismos.<\/span><\/p><p><b>\u00bfA qui\u00e9n facilitamos tus datos personales?<\/b><\/p><p><span style=\"font-weight: 400;\">No est\u00e1 prevista ninguna comunicaci\u00f3n de datos personales a terceros salvo, si fuese necesario para el desarrollo y ejecuci\u00f3n de las finalidades del tratamiento, a nuestros proveedores de servicios relacionados con comunicaciones, con los cuales el RESPONSABLE tiene suscritos los contratos de confidencialidad y de encargado de tratamiento exigidos por la normativa vigente de privacidad.<\/span><\/p><p><b>\u00bfCu\u00e1les son tus derechos?<\/b><\/p><p><span style=\"font-weight: 400;\">Los derechos que asisten al USUARIO son:<\/span><\/p><p><span style=\"font-weight: 400;\">Derecho a retirar el consentimiento en cualquier momento.<\/span><span style=\"font-weight: 400;\"><br \/><\/span><\/p><p><span style=\"font-weight: 400;\">Derecho de acceso, rectificaci\u00f3n, portabilidad y supresi\u00f3n de sus datos, y de limitaci\u00f3n u oposici\u00f3n a su tratamiento.<\/span><\/p><p><span style=\"font-weight: 400;\">Derecho a presentar una reclamaci\u00f3n ante la autoridad de control <\/span><a href=\"http:\/\/www.aepd.es\/\"><span style=\"font-weight: 400;\">(www.aepd.es)<\/span><\/a><span style=\"font-weight: 400;\"> si considera que el tratamiento no se ajusta a la normativa vigente.<\/span><\/p><p><b>Datos de contacto para ejercer sus derechos<\/b><span style=\"font-weight: 400;\">:<\/span><\/p><p><span style=\"font-weight: 400;\">Mar\u00eda Ar\u00e1nzazu L\u00f3pez Rey. ., &#8211; . Madrid (Madrid). E-mail: <\/span><a href=\"mailto:arantxalop@cop.es\"><span style=\"font-weight: 400;\">arantxalop@cop.es<\/span><\/a><br \/><b><\/b><\/p><h3><b>2. CAR\u00c1CTER OBLIGATORIO O FACULTATIVO DE LA INFORMACI\u00d3N FACILITADA POR EL USUARIO<\/b><\/h3><p><span style=\"font-weight: 400;\">Los USUARIOS, mediante la marcaci\u00f3n de las casillas correspondientes y la entrada de datos en los campos, marcados con un asterisco (*) en el formulario de contacto o presentados en formularios de descarga, aceptan expresamente y de forma libre e inequ\u00edvoca, que sus datos son necesarios para atender su petici\u00f3n, por parte del prestador, siendo voluntaria la inclusi\u00f3n de datos en los campos restantes. El USUARIO garantiza que los datos personales facilitados al RESPONSABLE son veraces y se hace responsable de comunicar cualquier modificaci\u00f3n de los mismos.<\/span><\/p><p><span style=\"font-weight: 400;\">El RESPONSABLE informa de que todos los datos solicitados a trav\u00e9s del sitio web son obligatorios, ya que son necesarios para la prestaci\u00f3n de un servicio \u00f3ptimo al USUARIO. En caso de que no se faciliten todos los datos, no se garantiza que la informaci\u00f3n y servicios facilitados sean completamente ajustados a sus necesidades.<\/span><b><\/b><\/p><h3><b>3. MEDIDAS DE SEGURIDAD<\/b><b><\/b><\/h3><p><span style=\"font-weight: 400;\">Que de conformidad con lo dispuesto en las normativas vigentes en protecci\u00f3n de datos personales, el RESPONSABLE est\u00e1 cumpliendo con todas las disposiciones de las normativas RGPD y LOPDGDD para el tratamiento de los datos personales de su responsabilidad, y manifiestamente con los principios descritos en el art\u00edculo 5 del RGPD, por los cuales son tratados de manera l\u00edcita, leal y transparente en relaci\u00f3n con el interesado y adecuados, pertinentes y limitados a lo necesario en relaci\u00f3n con los fines para los que son tratados.<\/span><\/p><p><span style=\"font-weight: 400;\">El RESPONSABLE garantiza que ha implementado pol\u00edticas t\u00e9cnicas y organizativas apropiadas para aplicar las medidas de seguridad que establecen el RGPD y la LOPDGDD con el fin de proteger los derechos y libertades de los USUARIOS y les ha comunicado la informaci\u00f3n adecuada para que puedan ejercerlos.<\/span><\/p><p><span style=\"font-weight: 400;\">Para m\u00e1s informaci\u00f3n sobre las garant\u00edas de privacidad, puedes dirigirte al RESPONSABLE a trav\u00e9s de Mar\u00eda Ar\u00e1nzazu L\u00f3pez Rey. ., &#8211; . Madrid (Madrid). E-mail: <\/span><a href=\"mailto:arantxalop@cop.es\"><span style=\"font-weight: 400;\">arantxalop@cop.es<\/span><\/a><\/p><h1><b>Formularios<\/b><\/h1><p><b>PROTECCI\u00d3N DE DATOS<\/b><span style=\"font-weight: 400;\">:<\/span><\/p><p><span style=\"font-weight: 400;\">De conformidad con las normativas de protecci\u00f3n de datos, le facilitamos la siguiente informaci\u00f3n del tratamiento:<\/span><\/p><p><span style=\"font-weight: 400;\">Responsable: Mar\u00eda Ar\u00e1nzazu L\u00f3pez Rey<\/span><\/p><p><span style=\"font-weight: 400;\">Fines del tratamiento: mantener una relaci\u00f3n comercial y enviar comunicaciones de productos o servicios Derechos que le asisten: acceso, rectificaci\u00f3n, portabilidad, supresi\u00f3n, limitaci\u00f3n y oposici\u00f3n<\/span><\/p><p><span style=\"font-weight: 400;\">M\u00e1s informaci\u00f3n del tratamiento en la <\/span><span style=\"font-weight: 400;\">Pol\u00edtica de privacidad<\/span> <i><span style=\"font-weight: 400;\">(enlace a la Pol\u00edtica de privacidad)<\/span><\/i><\/p><p><b>O <\/b><span style=\"font-weight: 400;\">Acepto el tratamiento de mis datos para el env\u00edo de comunicaciones de productos o servicios<\/span><\/p><h4><b>Consentimiento para tratar datos personales (blog)<\/b><\/h4><p><b>Mar\u00eda Ar\u00e1nzazu L\u00f3pez Rey <\/b><span style=\"font-weight: 400;\">es el Responsable del tratamiento de los datos personales del usuario y le informa de que estos datos se tratar\u00e1n de conformidad con lo dispuesto en el Reglamento (UE) 2016\/679, de 27 de abril (RGPD), y la Ley Org\u00e1nica 3\/2018, de 5 de diciembre (LOPDGDD), por lo que se le facilita la siguiente informaci\u00f3n del tratamiento: <\/span><b>Fines y legitimaci\u00f3n del tratamiento<\/b><span style=\"font-weight: 400;\">: suscripci\u00f3n al blog informativo (por consentimiento del interesado, art. 6.1.a RGPD).<\/span><\/p><p><b>Criterios de conservaci\u00f3n de los datos<\/b><span style=\"font-weight: 400;\">: se conservar\u00e1n durante no m\u00e1s tiempo del necesario para mantener la suscripci\u00f3n al blog.<\/span><\/p><p><b>Comunicaci\u00f3n de los datos<\/b><span style=\"font-weight: 400;\">: no se comunicar\u00e1n los datos a terceros, salvo obligaci\u00f3n legal.<\/span><\/p><p><b>Derechos que asisten al usuario<\/b><span style=\"font-weight: 400;\">: derecho a retirar el consentimiento en cualquier momento. Derecho de acceso, rectificaci\u00f3n, portabilidad y supresi\u00f3n de sus datos, y de limitaci\u00f3n u oposici\u00f3n a su tratamiento. Derecho a presentar una reclamaci\u00f3n ante la Autoridad de control <\/span><a href=\"http:\/\/www.aepd.es\/\"><span style=\"font-weight: 400;\">(www.aepd.es)<\/span><\/a><span style=\"font-weight: 400;\"> si considera que el tratamiento no se ajusta a la normativa vigente.<\/span><\/p><p><b>Datos de contacto para ejercer sus derechos<\/b><span style=\"font-weight: 400;\">: <\/span><a href=\"mailto:arantxalop@cop.es\"><span style=\"font-weight: 400;\">arantxalop@cop.es.<\/span><\/a><\/p>\t\t\t\t\t\t\t\t<\/div>\n\t\t\t\t<\/div>\n\t\t\t\t\t<\/div>\n\t\t<\/div>\n\t\t\t\t\t<\/div>\n\t\t<\/section>\n\t\t\t\t<\/div>","protected":false},"excerpt":{"rendered":"<p>POL\u00cdTICA DE PRIVACIDAD 1. INFORMACI\u00d3N AL USUARIO \u00bfQui\u00e9n es el responsable del tratamiento de tus datos personales? Mar\u00eda Ar\u00e1nzazu L\u00f3pez Rey es el RESPONSABLE del tratamiento de los datos personales del USUARIO y le informa de que estos datos ser\u00e1n tratados de conformidad con lo dispuesto en el Reglamento (UE) 2016\/679, de 27 de abril [&hellip;]<\/p>\n","protected":false},"author":1,"featured_media":0,"parent":0,"menu_order":0,"comment_status":"closed","ping_status":"closed","template":"","meta":{"_seopress_robots_primary_cat":"","_seopress_titles_title":"","_seopress_titles_desc":"","_seopress_robots_index":"","_joinchat":[],"footnotes":""},"class_list":["post-3","page","type-page","status-publish","hentry"],"yoast_head":"<!-- This site is optimized with the Yoast SEO plugin v27.3 - https:\/\/yoast.com\/product\/yoast-seo-wordpress\/ -->\n<title>Pol\u00edtica de privacidad - Veritas Psicolog\u00eda<\/title>\n<meta name=\"robots\" content=\"index, follow, max-snippet:-1, max-image-preview:large, max-video-preview:-1\" \/>\n<link rel=\"canonical\" href=\"https:\/\/veritaspsicologia.es\/en\/politica-privacidad\/\" \/>\n<meta property=\"og:locale\" content=\"en_GB\" \/>\n<meta property=\"og:type\" content=\"article\" \/>\n<meta property=\"og:title\" content=\"Pol\u00edtica de privacidad - Veritas Psicolog\u00eda\" \/>\n<meta property=\"og:description\" content=\"POL\u00cdTICA DE PRIVACIDAD 1. INFORMACI\u00d3N AL USUARIO \u00bfQui\u00e9n es el responsable del tratamiento de tus datos personales? Mar\u00eda Ar\u00e1nzazu L\u00f3pez Rey es el RESPONSABLE del tratamiento de los datos personales del USUARIO y le informa de que estos datos ser\u00e1n tratados de conformidad con lo dispuesto en el Reglamento (UE) 2016\/679, de 27 de abril [&hellip;]\" \/>\n<meta property=\"og:url\" content=\"https:\/\/veritaspsicologia.es\/en\/politica-privacidad\/\" \/>\n<meta property=\"og:site_name\" content=\"Veritas Psicolog\u00eda\" \/>\n<meta property=\"article:modified_time\" content=\"2026-02-03T21:43:43+00:00\" \/>\n<meta name=\"twitter:card\" content=\"summary_large_image\" \/>\n<meta name=\"twitter:label1\" content=\"Estimated reading time\" \/>\n\t<meta name=\"twitter:data1\" content=\"5 minutes\" \/>\n<script type=\"application\/ld+json\" class=\"yoast-schema-graph\">{\"@context\":\"https:\\\/\\\/schema.org\",\"@graph\":[{\"@type\":\"WebPage\",\"@id\":\"https:\\\/\\\/veritaspsicologia.es\\\/politica-privacidad\\\/\",\"url\":\"https:\\\/\\\/veritaspsicologia.es\\\/politica-privacidad\\\/\",\"name\":\"Pol\u00edtica de privacidad - Veritas Psicolog\u00eda\",\"isPartOf\":{\"@id\":\"https:\\\/\\\/veritaspsicologia.es\\\/#website\"},\"datePublished\":\"2023-03-08T13:43:26+00:00\",\"dateModified\":\"2026-02-03T21:43:43+00:00\",\"breadcrumb\":{\"@id\":\"https:\\\/\\\/veritaspsicologia.es\\\/politica-privacidad\\\/#breadcrumb\"},\"inLanguage\":\"en-GB\",\"potentialAction\":[{\"@type\":\"ReadAction\",\"target\":[\"https:\\\/\\\/veritaspsicologia.es\\\/politica-privacidad\\\/\"]}]},{\"@type\":\"BreadcrumbList\",\"@id\":\"https:\\\/\\\/veritaspsicologia.es\\\/politica-privacidad\\\/#breadcrumb\",\"itemListElement\":[{\"@type\":\"ListItem\",\"position\":1,\"name\":\"Portada\",\"item\":\"https:\\\/\\\/veritaspsicologia.es\\\/\"},{\"@type\":\"ListItem\",\"position\":2,\"name\":\"Pol\u00edtica de privacidad\"}]},{\"@type\":\"WebSite\",\"@id\":\"https:\\\/\\\/veritaspsicologia.es\\\/#website\",\"url\":\"https:\\\/\\\/veritaspsicologia.es\\\/\",\"name\":\"Veritas Psicolog\u00eda\",\"description\":\"Psicologia Terapias Online\",\"publisher\":{\"@id\":\"https:\\\/\\\/veritaspsicologia.es\\\/#organization\"},\"alternateName\":\"VERITAS PSICO\",\"potentialAction\":[{\"@type\":\"SearchAction\",\"target\":{\"@type\":\"EntryPoint\",\"urlTemplate\":\"https:\\\/\\\/veritaspsicologia.es\\\/?s={search_term_string}\"},\"query-input\":{\"@type\":\"PropertyValueSpecification\",\"valueRequired\":true,\"valueName\":\"search_term_string\"}}],\"inLanguage\":\"en-GB\"},{\"@type\":\"Organization\",\"@id\":\"https:\\\/\\\/veritaspsicologia.es\\\/#organization\",\"name\":\"Veritas Psicolog\u00eda\",\"url\":\"https:\\\/\\\/veritaspsicologia.es\\\/\",\"logo\":{\"@type\":\"ImageObject\",\"inLanguage\":\"en-GB\",\"@id\":\"https:\\\/\\\/veritaspsicologia.es\\\/#\\\/schema\\\/logo\\\/image\\\/\",\"url\":\"https:\\\/\\\/veritaspsicologia.es\\\/wp-content\\\/uploads\\\/2023\\\/03\\\/cropped-veritas-web-1.png\",\"contentUrl\":\"https:\\\/\\\/veritaspsicologia.es\\\/wp-content\\\/uploads\\\/2023\\\/03\\\/cropped-veritas-web-1.png\",\"width\":350,\"height\":90,\"caption\":\"Veritas Psicolog\u00eda\"},\"image\":{\"@id\":\"https:\\\/\\\/veritaspsicologia.es\\\/#\\\/schema\\\/logo\\\/image\\\/\"},\"sameAs\":[\"https:\\\/\\\/www.instagram.com\\\/veritaspsicologia\\\/\"]}]}<\/script>\n<!-- \/ Yoast SEO plugin. -->","yoast_head_json":{"title":"Pol\u00edtica de privacidad - Veritas Psicolog\u00eda","robots":{"index":"index","follow":"follow","max-snippet":"max-snippet:-1","max-image-preview":"max-image-preview:large","max-video-preview":"max-video-preview:-1"},"canonical":"https:\/\/veritaspsicologia.es\/en\/politica-privacidad\/","og_locale":"en_GB","og_type":"article","og_title":"Pol\u00edtica de privacidad - Veritas Psicolog\u00eda","og_description":"POL\u00cdTICA DE PRIVACIDAD 1. INFORMACI\u00d3N AL USUARIO \u00bfQui\u00e9n es el responsable del tratamiento de tus datos personales? Mar\u00eda Ar\u00e1nzazu L\u00f3pez Rey es el RESPONSABLE del tratamiento de los datos personales del USUARIO y le informa de que estos datos ser\u00e1n tratados de conformidad con lo dispuesto en el Reglamento (UE) 2016\/679, de 27 de abril [&hellip;]","og_url":"https:\/\/veritaspsicologia.es\/en\/politica-privacidad\/","og_site_name":"Veritas Psicolog\u00eda","article_modified_time":"2026-02-03T21:43:43+00:00","twitter_card":"summary_large_image","twitter_misc":{"Estimated reading time":"5 minutes"},"schema":{"@context":"https:\/\/schema.org","@graph":[{"@type":"WebPage","@id":"https:\/\/veritaspsicologia.es\/politica-privacidad\/","url":"https:\/\/veritaspsicologia.es\/politica-privacidad\/","name":"Pol\u00edtica de privacidad - Veritas Psicolog\u00eda","isPartOf":{"@id":"https:\/\/veritaspsicologia.es\/#website"},"datePublished":"2023-03-08T13:43:26+00:00","dateModified":"2026-02-03T21:43:43+00:00","breadcrumb":{"@id":"https:\/\/veritaspsicologia.es\/politica-privacidad\/#breadcrumb"},"inLanguage":"en-GB","potentialAction":[{"@type":"ReadAction","target":["https:\/\/veritaspsicologia.es\/politica-privacidad\/"]}]},{"@type":"BreadcrumbList","@id":"https:\/\/veritaspsicologia.es\/politica-privacidad\/#breadcrumb","itemListElement":[{"@type":"ListItem","position":1,"name":"Portada","item":"https:\/\/veritaspsicologia.es\/"},{"@type":"ListItem","position":2,"name":"Pol\u00edtica de privacidad"}]},{"@type":"WebSite","@id":"https:\/\/veritaspsicologia.es\/#website","url":"https:\/\/veritaspsicologia.es\/","name":"Veritas Psicolog\u00eda","description":"Psicologia Terapias Online","publisher":{"@id":"https:\/\/veritaspsicologia.es\/#organization"},"alternateName":"VERITAS PSICO","potentialAction":[{"@type":"SearchAction","target":{"@type":"EntryPoint","urlTemplate":"https:\/\/veritaspsicologia.es\/?s={search_term_string}"},"query-input":{"@type":"PropertyValueSpecification","valueRequired":true,"valueName":"search_term_string"}}],"inLanguage":"en-GB"},{"@type":"Organization","@id":"https:\/\/veritaspsicologia.es\/#organization","name":"Veritas Psicolog\u00eda","url":"https:\/\/veritaspsicologia.es\/","logo":{"@type":"ImageObject","inLanguage":"en-GB","@id":"https:\/\/veritaspsicologia.es\/#\/schema\/logo\/image\/","url":"https:\/\/veritaspsicologia.es\/wp-content\/uploads\/2023\/03\/cropped-veritas-web-1.png","contentUrl":"https:\/\/veritaspsicologia.es\/wp-content\/uploads\/2023\/03\/cropped-veritas-web-1.png","width":350,"height":90,"caption":"Veritas Psicolog\u00eda"},"image":{"@id":"https:\/\/veritaspsicologia.es\/#\/schema\/logo\/image\/"},"sameAs":["https:\/\/www.instagram.com\/veritaspsicologia\/"]}]}},"_links":{"self":[{"href":"https:\/\/veritaspsicologia.es\/en\/wp-json\/wp\/v2\/pages\/3","targetHints":{"allow":["GET"]}}],"collection":[{"href":"https:\/\/veritaspsicologia.es\/en\/wp-json\/wp\/v2\/pages"}],"about":[{"href":"https:\/\/veritaspsicologia.es\/en\/wp-json\/wp\/v2\/types\/page"}],"author":[{"embeddable":true,"href":"https:\/\/veritaspsicologia.es\/en\/wp-json\/wp\/v2\/users\/1"}],"replies":[{"embeddable":true,"href":"https:\/\/veritaspsicologia.es\/en\/wp-json\/wp\/v2\/comments?post=3"}],"version-history":[{"count":0,"href":"https:\/\/veritaspsicologia.es\/en\/wp-json\/wp\/v2\/pages\/3\/revisions"}],"wp:attachment":[{"href":"https:\/\/veritaspsicologia.es\/en\/wp-json\/wp\/v2\/media?parent=3"}],"curies":[{"name":"wp","href":"https:\/\/api.w.org\/{rel}","templated":true}]}}